{"id":3266,"date":"2023-08-15T14:38:28","date_gmt":"2023-08-15T12:38:28","guid":{"rendered":"https:\/\/www.jpproces.se\/produkt\/uni-dust-powder-recycler-collector\/"},"modified":"2023-08-15T14:38:28","modified_gmt":"2023-08-15T12:38:28","slug":"uni-dust-pulver-atervinnare-uppsamlare","status":"publish","type":"product","link":"https:\/\/www.jpproces.se\/en\/produkt\/uni-dust-pulver-atervinnare-uppsamlare\/","title":{"rendered":"Uni-Dust (Powder recycler\/collector)"},"content":{"rendered":"<p>Made of 316L stainless steel, <strong>the Uni-Dust<\/strong> cyclone is a hygienic way to capture excess dust in a controlled environment of the process room. The equipment is intended to be retrofitted to equipment that generates dust.<\/p>\n<p>Process validation is not affected, making it ideal for both new and existing processes. I linje med cGMP g\u00f6r Uni-Dust f\u00f6rlust\u00e5tervinning\/uppsamling till en enkel sak.<\/p>\n<p>Traditionally, waste from powder filling equipment such as tablet presses and capsule filling machines is diverted to a central facility.<\/p>\n<p>Dust\/filter system is in the facility. This process can result in a mixture of different powders that are stored in the filter system and can cause environmental damage and operator health upon exposure.<\/p>\n<p>The cyclone separates the solid material from the clean air. Typically, 95\u201399% of the excess powder is \u201ccaptured\u201d in a collection container. The air then passes through an optional &#8220;Control\/filter system&#8221; eg HEPA filter. This increases the system&#8217;s efficiency to 99.99%.<\/p>\n<p>The purified air continues to the usual dust collection point.<\/p>\n<p><strong><span id=\"u4660-38\">Uni-Dust<\/span><\/strong> collects these wastes and keeps them in a controlled area separated from the process room. Another advantage of collecting these surplus materials from the processing room is to minimize batch losses.<\/p>\n<p>Batch losses can be verified and recorded by removing the collection container. The powder from the collection container can be weighed, recorded and possibly returned to the process.<\/p>\n<p><span id=\"u4660-45\">Uni-Dust<\/span> has a filterless construction and provides an extremely high degree of separation, in some cases to almost 100%. However, to maintain total integrity, a HEPA filter can be installed on the outlet of the <strong>Uni-Dust<\/strong>.<\/p>\n<p>A number of configurations are possible, so that the cyclone can be integrated into various system applications.<\/p>\n<p><strong><span id=\"u4660-52\">Uni-Dust<\/span><\/strong> \u00e4r designed and manufactured by Hanningfield Process Systems in England.<\/p>\n<p id=\"u4660-60\"><strong>Features:<\/strong><\/p>\n<ul id=\"u4660-64\">\n<li>Hygienic stainless steel<\/li>\n<li>Filterless construction<\/li>\n<li>No moving parts<\/li>\n<li>Easy to clean, hygienic design<\/li>\n<li>External HEPA filter<\/li>\n<li>Compact, space-saving design<\/li>\n<li>Engineered and manufactured in the UK<\/li>\n<\/ul>\n<p id=\"u4660-91\"><strong>Advantages:<\/strong><\/p>\n<ul id=\"u4660-105\">\n<li>Keeps waste in the process room<\/li>\n<li>Improve the working environment by creating safer and more hygienic conditions<\/li>\n<li>Synchronize batch losses<\/li>\n<li>Improves GMP and site safety standards<\/li>\n<\/ul>\n<p id=\"u4660-111\"><strong>Technical specification<\/strong><\/p>\n<ul>\n<li><span id=\"u4660-113\">Construction material:<\/span> stainless steel (304 or 316<\/li>\n<li><span id=\"u4660-116\">Powder Collection\/Recovery:<\/span> Typically 95-99%<\/li>\n<li><span id=\"u4660-119\">Height:<\/span> varies from 475 to 1240 mm.<\/li>\n<li><span id=\"u4660-122\">Diameter:<\/span> varies from 100 to 300 mm.<\/li>\n<li><span id=\"u4660-125\">Version:<\/span> Mobile or stationary<\/li>\n<li><span id=\"u4660-128\">Explosion protection:<\/span> ATEX or non-ATEX design<\/li>\n<\/ul>\n<p id=\"u4660-133\"><strong>Typiska applikationer:<\/strong><\/p>\n<ul>\n<li>&#8220;Catch&#8221; excess powder from tablet presses<\/li>\n<li>&#8220;Capture&#8221; excess powder from capsule filling machines<\/li>\n<li>&#8220;Catch&#8221; excess powder from filling machines<\/li>\n<li>&#8220;Capture&#8221; excess powder from inhaler filling machines<\/li>\n<li>&#8220;Catch&#8221; excess powder when pouring into a tank that requires extra extraction\/ventilation<\/li>\n<\/ul>\n","protected":false},"excerpt":{"rendered":"<p>Take control of excess dust from powder filling machines, tablet presses or similar equipment. The ground-breaking technology behind Hanningfield Uni-Dust guarantees a high recovery\/collection of the powder in-line.<\/p>\n<p>https:\/\/vimeo.com\/154568581<\/p>\n<p>&nbsp;<\/p>\n","protected":false},"featured_media":3875,"template":"","meta":{"site-sidebar-layout":"default","site-content-layout":"","ast-site-content-layout":"default","site-content-style":"default","site-sidebar-style":"default","ast-global-header-display":"","ast-banner-title-visibility":"","ast-main-header-display":"","ast-hfb-above-header-display":"","ast-hfb-below-header-display":"","ast-hfb-mobile-header-display":"","site-post-title":"","ast-breadcrumbs-content":"","ast-featured-img":"","footer-sml-layout":"","ast-disable-related-posts":"","theme-transparent-header-meta":"default","adv-header-id-meta":"","stick-header-meta":"","header-above-stick-meta":"","header-main-stick-meta":"","header-below-stick-meta":"","astra-migrate-meta-layouts":"default","ast-page-background-enabled":"default","ast-page-background-meta":{"desktop":{"background-color":"","background-image":"","background-repeat":"repeat","background-position":"center center","background-size":"auto","background-attachment":"scroll","background-type":"","background-media":"","overlay-type":"","overlay-color":"","overlay-opacity":"","overlay-gradient":""},"tablet":{"background-color":"","background-image":"","background-repeat":"repeat","background-position":"center center","background-size":"auto","background-attachment":"scroll","background-type":"","background-media":"","overlay-type":"","overlay-color":"","overlay-opacity":"","overlay-gradient":""},"mobile":{"background-color":"","background-image":"","background-repeat":"repeat","background-position":"center center","background-size":"auto","background-attachment":"scroll","background-type":"","background-media":"","overlay-type":"","overlay-color":"","overlay-opacity":"","overlay-gradient":""}},"ast-content-background-meta":{"desktop":{"background-color":"var(--ast-global-color-5)","background-image":"","background-repeat":"repeat","background-position":"center center","background-size":"auto","background-attachment":"scroll","background-type":"","background-media":"","overlay-type":"","overlay-color":"","overlay-opacity":"","overlay-gradient":""},"tablet":{"background-color":"var(--ast-global-color-5)","background-image":"","background-repeat":"repeat","background-position":"center center","background-size":"auto","background-attachment":"scroll","background-type":"","background-media":"","overlay-type":"","overlay-color":"","overlay-opacity":"","overlay-gradient":""},"mobile":{"background-color":"var(--ast-global-color-5)","background-image":"","background-repeat":"repeat","background-position":"center center","background-size":"auto","background-attachment":"scroll","background-type":"","background-media":"","overlay-type":"","overlay-color":"","overlay-opacity":"","overlay-gradient":""}}},"product_brand":[],"product_cat":[82,92],"product_tag":[],"class_list":{"0":"post-3266","1":"product","2":"type-product","3":"status-publish","4":"has-post-thumbnail","6":"product_cat-hanningfield-en","7":"product_cat-uni-dust","8":"desktop-align-left","9":"tablet-align-left","10":"mobile-align-left","12":"first","13":"instock","14":"shipping-taxable","15":"product-type-simple"},"_links":{"self":[{"href":"https:\/\/www.jpproces.se\/en\/wp-json\/wp\/v2\/product\/3266","targetHints":{"allow":["GET"]}}],"collection":[{"href":"https:\/\/www.jpproces.se\/en\/wp-json\/wp\/v2\/product"}],"about":[{"href":"https:\/\/www.jpproces.se\/en\/wp-json\/wp\/v2\/types\/product"}],"wp:featuredmedia":[{"embeddable":true,"href":"https:\/\/www.jpproces.se\/en\/wp-json\/wp\/v2\/media\/3875"}],"wp:attachment":[{"href":"https:\/\/www.jpproces.se\/en\/wp-json\/wp\/v2\/media?parent=3266"}],"wp:term":[{"taxonomy":"product_brand","embeddable":true,"href":"https:\/\/www.jpproces.se\/en\/wp-json\/wp\/v2\/product_brand?post=3266"},{"taxonomy":"product_cat","embeddable":true,"href":"https:\/\/www.jpproces.se\/en\/wp-json\/wp\/v2\/product_cat?post=3266"},{"taxonomy":"product_tag","embeddable":true,"href":"https:\/\/www.jpproces.se\/en\/wp-json\/wp\/v2\/product_tag?post=3266"}],"curies":[{"name":"wp","href":"https:\/\/api.w.org\/{rel}","templated":true}]}}