{"id":2717,"date":"2023-08-03T10:28:29","date_gmt":"2023-08-03T08:28:29","guid":{"rendered":"https:\/\/jpproces.se\/ytron\/"},"modified":"2023-08-16T13:36:56","modified_gmt":"2023-08-16T11:36:56","slug":"ytron","status":"publish","type":"page","link":"https:\/\/www.jpproces.se\/fi\/ytron\/","title":{"rendered":"Ytron"},"content":{"rendered":"\t\t<div data-elementor-type=\"wp-page\" data-elementor-id=\"2717\" class=\"elementor elementor-2717 elementor-1865\" data-elementor-post-type=\"page\">\n\t\t\t\t\t\t<section class=\"elementor-section elementor-top-section elementor-element elementor-element-7704be57 elementor-section-content-middle elementor-section-boxed elementor-section-height-default elementor-section-height-default\" data-id=\"7704be57\" data-element_type=\"section\" data-e-type=\"section\" data-settings=\"{&quot;background_background&quot;:&quot;classic&quot;,&quot;jet_parallax_layout_list&quot;:[]}\">\n\t\t\t\t\t\t<div class=\"elementor-container elementor-column-gap-no\">\n\t\t\t\t\t<div class=\"elementor-column elementor-col-100 elementor-top-column elementor-element elementor-element-6c34e8b3\" data-id=\"6c34e8b3\" data-element_type=\"column\" data-e-type=\"column\">\n\t\t\t<div class=\"elementor-widget-wrap elementor-element-populated\">\n\t\t\t\t\t\t<div class=\"elementor-element elementor-element-68e70293 elementor-widget elementor-widget-heading\" data-id=\"68e70293\" data-element_type=\"widget\" data-e-type=\"widget\" data-widget_type=\"heading.default\">\n\t\t\t\t<div class=\"elementor-widget-container\">\n\t\t\t\t\t<h1 class=\"elementor-heading-title elementor-size-default\">Ytron-tuotteemme<\/h1>\t\t\t\t<\/div>\n\t\t\t\t<\/div>\n\t\t\t\t<div class=\"elementor-element elementor-element-779340c elementor-widget-divider--view-line elementor-widget elementor-widget-divider\" data-id=\"779340c\" data-element_type=\"widget\" data-e-type=\"widget\" data-widget_type=\"divider.default\">\n\t\t\t\t<div class=\"elementor-widget-container\">\n\t\t\t\t\t\t\t<div class=\"elementor-divider\">\n\t\t\t<span class=\"elementor-divider-separator\">\n\t\t\t\t\t\t<\/span>\n\t\t<\/div>\n\t\t\t\t\t\t<\/div>\n\t\t\t\t<\/div>\n\t\t\t\t\t<\/div>\n\t\t<\/div>\n\t\t\t\t\t<\/div>\n\t\t<\/section>\n\t\t\t\t<section class=\"elementor-section elementor-top-section elementor-element elementor-element-5cae441 elementor-section-boxed elementor-section-height-default elementor-section-height-default\" data-id=\"5cae441\" data-element_type=\"section\" data-e-type=\"section\" data-settings=\"{&quot;background_background&quot;:&quot;classic&quot;,&quot;jet_parallax_layout_list&quot;:[]}\">\n\t\t\t\t\t\t<div class=\"elementor-container elementor-column-gap-default\">\n\t\t\t\t\t<div class=\"elementor-column elementor-col-100 elementor-top-column elementor-element elementor-element-3b8c8e57\" data-id=\"3b8c8e57\" data-element_type=\"column\" data-e-type=\"column\">\n\t\t\t<div class=\"elementor-widget-wrap elementor-element-populated\">\n\t\t\t\t\t\t<div class=\"elementor-element elementor-element-eedcf90 elementor-grid-tablet-2 elementor-product-loop-item--align-center elementor-grid-4 elementor-grid-mobile-2 elementor-products-grid elementor-wc-products elementor-widget elementor-widget-woocommerce-products\" data-id=\"eedcf90\" data-element_type=\"widget\" data-e-type=\"widget\" data-widget_type=\"woocommerce-products.default\">\n\t\t\t\t<div class=\"elementor-widget-container\">\n\t\t\t\t\t<div class=\"woocommerce columns-4 \"><ul class=\"products elementor-grid columns-4\">\n<li class=\"desktop-align-left tablet-align-left mobile-align-left product type-product post-2726 status-publish first instock product_cat-in-line-homogenisointi product_cat-ytron-fi product_tag-ytron-fi has-post-thumbnail shipping-taxable product-type-simple\">\n\t<a href=\"https:\/\/www.jpproces.se\/fi\/produkt\/ytron-z-in-line-homogenisaattori\/\" class=\"woocommerce-LoopProduct-link woocommerce-loop-product__link\"><img fetchpriority=\"high\" decoding=\"async\" width=\"300\" height=\"300\" src=\"https:\/\/www.jpproces.se\/wp-content\/uploads\/2023\/08\/ytron-z-homogenisator-1-300x300.webp\" class=\"attachment-woocommerce_thumbnail size-woocommerce_thumbnail\" alt=\"En homogenisator fr\u00e5n Ytron. \" srcset=\"https:\/\/www.jpproces.se\/wp-content\/uploads\/2023\/08\/ytron-z-homogenisator-1-300x300.webp 300w, https:\/\/www.jpproces.se\/wp-content\/uploads\/2023\/08\/ytron-z-homogenisator-1-150x150.webp 150w, https:\/\/www.jpproces.se\/wp-content\/uploads\/2023\/08\/ytron-z-homogenisator-1-100x100.webp 100w\" sizes=\"(max-width: 300px) 100vw, 300px\" \/><h2 class=\"woocommerce-loop-product__title\">Ytron &#8221;Z&#8221; (In-Line homogenisaattori)<\/h2>\n<\/a><div class=\"woocommerce-loop-product__buttons\"><a href=\"https:\/\/www.jpproces.se\/fi\/produkt\/ytron-z-in-line-homogenisaattori\/\" aria-describedby=\"woocommerce_loop_add_to_cart_link_describedby_2726\" data-quantity=\"1\" class=\"button product_type_simple\" data-product_id=\"2726\" data-product_sku=\"\" aria-label=\"Lue lis\u00e4\u00e4 &ldquo;Ytron &quot;Z&quot; (In-Line homogenisaattori)&rdquo; asiasta\" rel=\"nofollow\" data-success_message=\"\">Lue lis\u00e4\u00e4<\/a><\/div>\t<span id=\"woocommerce_loop_add_to_cart_link_describedby_2726\" class=\"screen-reader-text\">\n\t\t\t<\/span>\n<\/li>\n<li class=\"desktop-align-left tablet-align-left mobile-align-left product type-product post-2724 status-publish instock product_cat-in-line-jauheiden-liuotus product_cat-ytron-fi product_tag-ytron-fi has-post-thumbnail shipping-taxable product-type-simple\">\n\t<a href=\"https:\/\/www.jpproces.se\/fi\/produkt\/ytron-zc-zyclon-jauheen-dispergointilaitteet\/\" class=\"woocommerce-LoopProduct-link woocommerce-loop-product__link\"><img decoding=\"async\" width=\"300\" height=\"300\" src=\"https:\/\/www.jpproces.se\/wp-content\/uploads\/2023\/08\/Ytron-ZC-Zyclon-stor-300x300.png\" class=\"attachment-woocommerce_thumbnail size-woocommerce_thumbnail\" alt=\"Ytron &quot;ZC&quot; Zyclon (jauhedispersiolaitteet)\" srcset=\"https:\/\/www.jpproces.se\/wp-content\/uploads\/2023\/08\/Ytron-ZC-Zyclon-stor-300x300.png 300w, https:\/\/www.jpproces.se\/wp-content\/uploads\/2023\/08\/Ytron-ZC-Zyclon-stor-150x150.png 150w, https:\/\/www.jpproces.se\/wp-content\/uploads\/2023\/08\/Ytron-ZC-Zyclon-stor-100x100.png 100w\" sizes=\"(max-width: 300px) 100vw, 300px\" \/><h2 class=\"woocommerce-loop-product__title\">Ytron &#8221;ZC&#8221; Zyclon (jauhedispersiolaitteet)<\/h2>\n<\/a><div class=\"woocommerce-loop-product__buttons\"><a href=\"https:\/\/www.jpproces.se\/fi\/produkt\/ytron-zc-zyclon-jauheen-dispergointilaitteet\/\" aria-describedby=\"woocommerce_loop_add_to_cart_link_describedby_2724\" data-quantity=\"1\" class=\"button product_type_simple\" data-product_id=\"2724\" data-product_sku=\"\" aria-label=\"Lue lis\u00e4\u00e4 &ldquo;Ytron &quot;ZC&quot; Zyclon (jauhedispersiolaitteet)&rdquo; asiasta\" rel=\"nofollow\" data-success_message=\"\">Lue lis\u00e4\u00e4<\/a><\/div>\t<span id=\"woocommerce_loop_add_to_cart_link_describedby_2724\" class=\"screen-reader-text\">\n\t\t\t<\/span>\n<\/li>\n<li class=\"desktop-align-left tablet-align-left mobile-align-left product type-product post-2722 status-publish instock product_cat-seos product_cat-ytron-fi has-post-thumbnail shipping-taxable product-type-simple\">\n\t<a href=\"https:\/\/www.jpproces.se\/fi\/produkt\/ytron-y-jetstramixer\/\" class=\"woocommerce-LoopProduct-link woocommerce-loop-product__link\"><img decoding=\"async\" width=\"300\" height=\"300\" src=\"https:\/\/www.jpproces.se\/wp-content\/uploads\/2023\/08\/Ytron-Y-Jetstralemixer-vector-300x300.png\" class=\"attachment-woocommerce_thumbnail size-woocommerce_thumbnail\" alt=\"Ytron-Y Jet mixer\" srcset=\"https:\/\/www.jpproces.se\/wp-content\/uploads\/2023\/08\/Ytron-Y-Jetstralemixer-vector-300x300.png 300w, https:\/\/www.jpproces.se\/wp-content\/uploads\/2023\/08\/Ytron-Y-Jetstralemixer-vector-150x150.png 150w, https:\/\/www.jpproces.se\/wp-content\/uploads\/2023\/08\/Ytron-Y-Jetstralemixer-vector-12x12.png 12w, https:\/\/www.jpproces.se\/wp-content\/uploads\/2023\/08\/Ytron-Y-Jetstralemixer-vector-100x100.png 100w, https:\/\/www.jpproces.se\/wp-content\/uploads\/2023\/08\/Ytron-Y-Jetstralemixer-vector.png 346w\" sizes=\"(max-width: 300px) 100vw, 300px\" \/><h2 class=\"woocommerce-loop-product__title\">Ytron-Y Jet mixer<\/h2>\n<\/a><div class=\"woocommerce-loop-product__buttons\"><a href=\"https:\/\/www.jpproces.se\/fi\/produkt\/ytron-y-jetstramixer\/\" aria-describedby=\"woocommerce_loop_add_to_cart_link_describedby_2722\" data-quantity=\"1\" class=\"button product_type_simple\" data-product_id=\"2722\" data-product_sku=\"\" aria-label=\"Lue lis\u00e4\u00e4 &ldquo;Ytron-Y Jet mixer&rdquo; asiasta\" rel=\"nofollow\" data-success_message=\"\">Lue lis\u00e4\u00e4<\/a><\/div>\t<span id=\"woocommerce_loop_add_to_cart_link_describedby_2722\" class=\"screen-reader-text\">\n\t\t\t<\/span>\n<\/li>\n<li class=\"desktop-align-left tablet-align-left mobile-align-left product type-product post-3275 status-publish last instock product_cat-in-line-jauheiden-liuotus product_cat-ytron-fi product_tag-ytron-fi has-post-thumbnail shipping-taxable product-type-simple\">\n\t<a href=\"https:\/\/www.jpproces.se\/fi\/produkt\/ytron-xc-xcyclon-jauheen-liuotusaine\/\" class=\"woocommerce-LoopProduct-link woocommerce-loop-product__link\"><img loading=\"lazy\" decoding=\"async\" width=\"300\" height=\"300\" src=\"https:\/\/www.jpproces.se\/wp-content\/uploads\/2023\/07\/Pulveruplosare-ytron-xc-by-ytron-300x300.jpg\" class=\"attachment-woocommerce_thumbnail size-woocommerce_thumbnail\" alt=\"Ytron &quot;XC&quot; Xcyclon (jauheen liuotusaine)\" srcset=\"https:\/\/www.jpproces.se\/wp-content\/uploads\/2023\/07\/Pulveruplosare-ytron-xc-by-ytron-300x300.jpg 300w, https:\/\/www.jpproces.se\/wp-content\/uploads\/2023\/07\/Pulveruplosare-ytron-xc-by-ytron-100x100.jpg 100w, https:\/\/www.jpproces.se\/wp-content\/uploads\/2023\/07\/Pulveruplosare-ytron-xc-by-ytron-150x150.jpg 150w, https:\/\/www.jpproces.se\/wp-content\/uploads\/2023\/07\/Pulveruplosare-ytron-xc-by-ytron-12x12.jpg 12w, https:\/\/www.jpproces.se\/wp-content\/uploads\/2023\/07\/Pulveruplosare-ytron-xc-by-ytron.jpg 338w\" sizes=\"(max-width: 300px) 100vw, 300px\" \/><h2 class=\"woocommerce-loop-product__title\">Ytron &#8221;XC&#8221; Xcyclon (jauheen liuotusaine)<\/h2>\n<\/a><div class=\"woocommerce-loop-product__buttons\"><a href=\"https:\/\/www.jpproces.se\/fi\/produkt\/ytron-xc-xcyclon-jauheen-liuotusaine\/\" aria-describedby=\"woocommerce_loop_add_to_cart_link_describedby_3275\" data-quantity=\"1\" class=\"button product_type_simple\" data-product_id=\"3275\" data-product_sku=\"\" aria-label=\"Lue lis\u00e4\u00e4 &ldquo;Ytron &quot;XC&quot; Xcyclon (jauheen liuotusaine)&rdquo; asiasta\" rel=\"nofollow\" data-success_message=\"\">Lue lis\u00e4\u00e4<\/a><\/div>\t<span id=\"woocommerce_loop_add_to_cart_link_describedby_3275\" class=\"screen-reader-text\">\n\t\t\t<\/span>\n<\/li>\n<\/ul>\n<\/div>\t\t\t\t<\/div>\n\t\t\t\t<\/div>\n\t\t\t\t\t<\/div>\n\t\t<\/div>\n\t\t\t\t\t<\/div>\n\t\t<\/section>\n\t\t\t\t<section class=\"elementor-section elementor-top-section elementor-element elementor-element-335fdbc elementor-section-boxed elementor-section-height-default elementor-section-height-default\" data-id=\"335fdbc\" data-element_type=\"section\" data-e-type=\"section\" data-settings=\"{&quot;background_background&quot;:&quot;classic&quot;,&quot;jet_parallax_layout_list&quot;:[]}\">\n\t\t\t\t\t\t<div class=\"elementor-container elementor-column-gap-no\">\n\t\t\t\t\t<div class=\"elementor-column elementor-col-50 elementor-top-column elementor-element elementor-element-1f6bf4be\" data-id=\"1f6bf4be\" data-element_type=\"column\" data-e-type=\"column\">\n\t\t\t<div class=\"elementor-widget-wrap elementor-element-populated\">\n\t\t\t\t\t\t<section class=\"elementor-section elementor-inner-section elementor-element elementor-element-236fc69c elementor-section-boxed elementor-section-height-default elementor-section-height-default\" data-id=\"236fc69c\" data-element_type=\"section\" data-e-type=\"section\" data-settings=\"{&quot;background_background&quot;:&quot;classic&quot;,&quot;jet_parallax_layout_list&quot;:[]}\">\n\t\t\t\t\t\t<div class=\"elementor-container elementor-column-gap-no\">\n\t\t\t\t\t<div class=\"elementor-column elementor-col-100 elementor-inner-column elementor-element elementor-element-46204ee4\" data-id=\"46204ee4\" data-element_type=\"column\" data-e-type=\"column\" data-settings=\"{&quot;background_background&quot;:&quot;classic&quot;}\">\n\t\t\t<div class=\"elementor-widget-wrap elementor-element-populated\">\n\t\t\t\t\t\t<div class=\"elementor-element elementor-element-665bb923 elementor-widget elementor-widget-image\" data-id=\"665bb923\" data-element_type=\"widget\" data-e-type=\"widget\" data-widget_type=\"image.default\">\n\t\t\t\t<div class=\"elementor-widget-container\">\n\t\t\t\t\t\t\t\t\t\t\t\t\t\t\t<img loading=\"lazy\" decoding=\"async\" width=\"1000\" height=\"967\" src=\"https:\/\/www.jpproces.se\/wp-content\/uploads\/2023\/07\/csm_YTRON_VacuPlant_ATEX_987b778dd9.webp\" class=\"attachment-full size-full wp-image-2406\" alt=\"\" srcset=\"https:\/\/www.jpproces.se\/wp-content\/uploads\/2023\/07\/csm_YTRON_VacuPlant_ATEX_987b778dd9.webp 1000w, https:\/\/www.jpproces.se\/wp-content\/uploads\/2023\/07\/csm_YTRON_VacuPlant_ATEX_987b778dd9-600x580.webp 600w, https:\/\/www.jpproces.se\/wp-content\/uploads\/2023\/07\/csm_YTRON_VacuPlant_ATEX_987b778dd9-300x290.webp 300w, https:\/\/www.jpproces.se\/wp-content\/uploads\/2023\/07\/csm_YTRON_VacuPlant_ATEX_987b778dd9-768x743.webp 768w, https:\/\/www.jpproces.se\/wp-content\/uploads\/2023\/07\/csm_YTRON_VacuPlant_ATEX_987b778dd9-12x12.webp 12w\" sizes=\"(max-width: 1000px) 100vw, 1000px\" \/>\t\t\t\t\t\t\t\t\t\t\t\t\t\t\t<\/div>\n\t\t\t\t<\/div>\n\t\t\t\t\t<\/div>\n\t\t<\/div>\n\t\t\t\t\t<\/div>\n\t\t<\/section>\n\t\t\t\t<section class=\"elementor-section elementor-inner-section elementor-element elementor-element-65d599c elementor-section-boxed elementor-section-height-default elementor-section-height-default\" data-id=\"65d599c\" data-element_type=\"section\" data-e-type=\"section\" data-settings=\"{&quot;background_background&quot;:&quot;classic&quot;,&quot;jet_parallax_layout_list&quot;:[]}\">\n\t\t\t\t\t\t<div class=\"elementor-container elementor-column-gap-no\">\n\t\t\t\t\t<div class=\"elementor-column elementor-col-50 elementor-inner-column elementor-element elementor-element-33dccfab\" data-id=\"33dccfab\" data-element_type=\"column\" data-e-type=\"column\" data-settings=\"{&quot;background_background&quot;:&quot;classic&quot;}\">\n\t\t\t<div class=\"elementor-widget-wrap elementor-element-populated\">\n\t\t\t\t\t\t<div class=\"elementor-element elementor-element-3471beb0 elementor-view-default elementor-position-block-start elementor-mobile-position-block-start elementor-widget elementor-widget-icon-box\" data-id=\"3471beb0\" data-element_type=\"widget\" data-e-type=\"widget\" data-widget_type=\"icon-box.default\">\n\t\t\t\t<div class=\"elementor-widget-container\">\n\t\t\t\t\t\t\t<div class=\"elementor-icon-box-wrapper\">\n\n\t\t\t\t\t\t<div class=\"elementor-icon-box-icon\">\n\t\t\t\t<span  class=\"elementor-icon\">\n\t\t\t\t<svg aria-hidden=\"true\" class=\"e-font-icon-svg e-fas-box-open\" viewBox=\"0 0 640 512\" xmlns=\"http:\/\/www.w3.org\/2000\/svg\"><path d=\"M425.7 256c-16.9 0-32.8-9-41.4-23.4L320 126l-64.2 106.6c-8.7 14.5-24.6 23.5-41.5 23.5-4.5 0-9-.6-13.3-1.9L64 215v178c0 14.7 10 27.5 24.2 31l216.2 54.1c10.2 2.5 20.9 2.5 31 0L551.8 424c14.2-3.6 24.2-16.4 24.2-31V215l-137 39.1c-4.3 1.3-8.8 1.9-13.3 1.9zm212.6-112.2L586.8 41c-3.1-6.2-9.8-9.8-16.7-8.9L320 64l91.7 152.1c3.8 6.3 11.4 9.3 18.5 7.3l197.9-56.5c9.9-2.9 14.7-13.9 10.2-23.1zM53.2 41L1.7 143.8c-4.6 9.2.3 20.2 10.1 23l197.9 56.5c7.1 2 14.7-1 18.5-7.3L320 64 69.8 32.1c-6.9-.8-13.5 2.7-16.6 8.9z\"><\/path><\/svg>\t\t\t\t<\/span>\n\t\t\t<\/div>\n\t\t\t\n\t\t\t\n\t\t<\/div>\n\t\t\t\t\t\t<\/div>\n\t\t\t\t<\/div>\n\t\t\t\t\t<\/div>\n\t\t<\/div>\n\t\t\t\t<div class=\"elementor-column elementor-col-50 elementor-inner-column elementor-element elementor-element-68bcdb29\" data-id=\"68bcdb29\" data-element_type=\"column\" data-e-type=\"column\" data-settings=\"{&quot;background_background&quot;:&quot;classic&quot;}\">\n\t\t\t<div class=\"elementor-widget-wrap elementor-element-populated\">\n\t\t\t\t\t\t<div class=\"elementor-element elementor-element-14be40bf elementor-view-default elementor-position-block-start elementor-mobile-position-block-start elementor-widget elementor-widget-icon-box\" data-id=\"14be40bf\" data-element_type=\"widget\" data-e-type=\"widget\" data-widget_type=\"icon-box.default\">\n\t\t\t\t<div class=\"elementor-widget-container\">\n\t\t\t\t\t\t\t<div class=\"elementor-icon-box-wrapper\">\n\n\t\t\t\t\t\t<div class=\"elementor-icon-box-icon\">\n\t\t\t\t<span  class=\"elementor-icon\">\n\t\t\t\t<svg aria-hidden=\"true\" class=\"e-font-icon-svg e-fas-tools\" viewBox=\"0 0 512 512\" xmlns=\"http:\/\/www.w3.org\/2000\/svg\"><path d=\"M501.1 395.7L384 278.6c-23.1-23.1-57.6-27.6-85.4-13.9L192 158.1V96L64 0 0 64l96 128h62.1l106.6 106.6c-13.6 27.8-9.2 62.3 13.9 85.4l117.1 117.1c14.6 14.6 38.2 14.6 52.7 0l52.7-52.7c14.5-14.6 14.5-38.2 0-52.7zM331.7 225c28.3 0 54.9 11 74.9 31l19.4 19.4c15.8-6.9 30.8-16.5 43.8-29.5 37.1-37.1 49.7-89.3 37.9-136.7-2.2-9-13.5-12.1-20.1-5.5l-74.4 74.4-67.9-11.3L334 98.9l74.4-74.4c6.6-6.6 3.4-17.9-5.7-20.2-47.4-11.7-99.6.9-136.6 37.9-28.5 28.5-41.9 66.1-41.2 103.6l82.1 82.1c8.1-1.9 16.5-2.9 24.7-2.9zm-103.9 82l-56.7-56.7L18.7 402.8c-25 25-25 65.5 0 90.5s65.5 25 90.5 0l123.6-123.6c-7.6-19.9-9.9-41.6-5-62.7zM64 472c-13.2 0-24-10.8-24-24 0-13.3 10.7-24 24-24s24 10.7 24 24c0 13.2-10.7 24-24 24z\"><\/path><\/svg>\t\t\t\t<\/span>\n\t\t\t<\/div>\n\t\t\t\n\t\t\t\n\t\t<\/div>\n\t\t\t\t\t\t<\/div>\n\t\t\t\t<\/div>\n\t\t\t\t\t<\/div>\n\t\t<\/div>\n\t\t\t\t\t<\/div>\n\t\t<\/section>\n\t\t\t\t\t<\/div>\n\t\t<\/div>\n\t\t\t\t<div class=\"elementor-column elementor-col-50 elementor-top-column elementor-element elementor-element-e6c923d\" data-id=\"e6c923d\" data-element_type=\"column\" data-e-type=\"column\" data-settings=\"{&quot;background_background&quot;:&quot;classic&quot;}\">\n\t\t\t<div class=\"elementor-widget-wrap elementor-element-populated\">\n\t\t\t\t\t\t<div class=\"elementor-element elementor-element-17e75bd5 elementor-widget elementor-widget-image-box\" data-id=\"17e75bd5\" data-element_type=\"widget\" data-e-type=\"widget\" data-widget_type=\"image-box.default\">\n\t\t\t\t<div class=\"elementor-widget-container\">\n\t\t\t\t\t<div class=\"elementor-image-box-wrapper\"><div class=\"elementor-image-box-content\"><h4 class=\"elementor-image-box-title\">Ytronin tuotteet<\/h4><p class=\"elementor-image-box-description\"><b>Sekoitus:<\/b> Homogeenisuuden ja optimaalisen tuotteen laadun varmistamiseksi tarjoamme laajan valikoiman sekoittimia, jotka t\u00e4ytt\u00e4v\u00e4t erilaiset prosessivaatimukset. Ytron-sekoittimemme on suunniteltu tarjoamaan tasainen ja tehokas eri aineiden sekoittuminen. \n<br><br>\n<b>Dispersio:<\/b> T\u00e4ydellinen stabiilien ja hienojakoisten kiinteiden aineiden dispersioiden luomiseen nesteeseen. Ytronin hajotuslaitteisto takaa tasaisen ja tehokkaan levityksen. \n<br><br>\n<b>Emulgointi:<\/b> Stabiloivien emulsioiden valmistamiseksi meill\u00e4 on Ytronin emulgointilaitteisto, joka mahdollistaa \u00f6ljyn hienon jakautumisen veteen tai k\u00e4\u00e4nteisen emulsion. \n<br>\n<br>\nKeskitymme tarjoamaan korkeinta laatua, innovatiivisuutta ja mukautumiskyky\u00e4 t\u00e4ytt\u00e4\u00e4ksemme ja ylitt\u00e4\u00e4ksemme odotuksesi. <\/p><\/div><\/div>\t\t\t\t<\/div>\n\t\t\t\t<\/div>\n\t\t\t\t<div class=\"elementor-element elementor-element-7e7dfcf6 elementor-align-left elementor-mobile-align-center elementor-widget elementor-widget-button\" data-id=\"7e7dfcf6\" data-element_type=\"widget\" data-e-type=\"widget\" data-widget_type=\"button.default\">\n\t\t\t\t<div class=\"elementor-widget-container\">\n\t\t\t\t\t\t\t\t\t<div class=\"elementor-button-wrapper\">\n\t\t\t\t\t<a class=\"elementor-button elementor-button-link elementor-size-sm\" href=\"\/produkter\/\">\n\t\t\t\t\t\t<span class=\"elementor-button-content-wrapper\">\n\t\t\t\t\t\t\t\t\t<span class=\"elementor-button-text\">Kaikki tuotteet<\/span>\n\t\t\t\t\t<\/span>\n\t\t\t\t\t<\/a>\n\t\t\t\t<\/div>\n\t\t\t\t\t\t\t\t<\/div>\n\t\t\t\t<\/div>\n\t\t\t\t\t<\/div>\n\t\t<\/div>\n\t\t\t\t\t<\/div>\n\t\t<\/section>\n\t\t\t\t<section class=\"elementor-section elementor-top-section elementor-element elementor-element-58561dcc elementor-section-full_width elementor-section-height-default elementor-section-height-default\" data-id=\"58561dcc\" data-element_type=\"section\" data-e-type=\"section\" data-settings=\"{&quot;background_background&quot;:&quot;classic&quot;,&quot;jet_parallax_layout_list&quot;:[]}\">\n\t\t\t\t\t\t\t<div class=\"elementor-background-overlay\"><\/div>\n\t\t\t\t\t\t\t<div class=\"elementor-container elementor-column-gap-no\">\n\t\t\t\t\t<div class=\"elementor-column elementor-col-100 elementor-top-column elementor-element elementor-element-57dc6387\" data-id=\"57dc6387\" data-element_type=\"column\" data-e-type=\"column\">\n\t\t\t<div class=\"elementor-widget-wrap elementor-element-populated\">\n\t\t\t\t\t\t<div class=\"elementor-element elementor-element-6ac32f00 elementor-widget elementor-widget-heading\" data-id=\"6ac32f00\" data-element_type=\"widget\" data-e-type=\"widget\" data-widget_type=\"heading.default\">\n\t\t\t\t<div class=\"elementor-widget-container\">\n\t\t\t\t\t<h2 class=\"elementor-heading-title elementor-size-default\">Tarvitsetko neuvoja?<\/h2>\t\t\t\t<\/div>\n\t\t\t\t<\/div>\n\t\t\t\t<div class=\"elementor-element elementor-element-5f219a35 elementor-align-center elementor-widget elementor-widget-button\" data-id=\"5f219a35\" data-element_type=\"widget\" data-e-type=\"widget\" data-widget_type=\"button.default\">\n\t\t\t\t<div class=\"elementor-widget-container\">\n\t\t\t\t\t\t\t\t\t<div class=\"elementor-button-wrapper\">\n\t\t\t\t\t<a class=\"elementor-button elementor-button-link elementor-size-sm\" href=\"#\">\n\t\t\t\t\t\t<span class=\"elementor-button-content-wrapper\">\n\t\t\t\t\t\t\t\t\t<span class=\"elementor-button-text\">Ota meihin yhteytt\u00e4<\/span>\n\t\t\t\t\t<\/span>\n\t\t\t\t\t<\/a>\n\t\t\t\t<\/div>\n\t\t\t\t\t\t\t\t<\/div>\n\t\t\t\t<\/div>\n\t\t\t\t\t<\/div>\n\t\t<\/div>\n\t\t\t\t\t<\/div>\n\t\t<\/section>\n\t\t\t\t<\/div>\n\t\t","protected":false},"excerpt":{"rendered":"<p>Ytron-tuotteemme Ytronin tuotteet Sekoitus: Homogeenisuuden ja optimaalisen tuotteen laadun varmistamiseksi tarjoamme laajan valikoiman sekoittimia, jotka t\u00e4ytt\u00e4v\u00e4t erilaiset prosessivaatimukset. Ytron-sekoittimemme on suunniteltu tarjoamaan tasainen ja tehokas eri aineiden sekoittuminen. Dispersio: T\u00e4ydellinen stabiilien ja hienojakoisten kiinteiden aineiden dispersioiden luomiseen nesteeseen. Ytronin hajotuslaitteisto takaa tasaisen ja tehokkaan levityksen. Emulgointi: Stabiloivien emulsioiden valmistamiseksi meill\u00e4 on Ytronin emulgointilaitteisto, joka mahdollistaa [&hellip;]<\/p>\n","protected":false},"author":2,"featured_media":0,"parent":0,"menu_order":0,"comment_status":"closed","ping_status":"closed","template":"","meta":{"site-sidebar-layout":"no-sidebar","site-content-layout":"page-builder","ast-site-content-layout":"default","site-content-style":"default","site-sidebar-style":"default","ast-global-header-display":"","ast-banner-title-visibility":"","ast-main-header-display":"","ast-hfb-above-header-display":"","ast-hfb-below-header-display":"","ast-hfb-mobile-header-display":"","site-post-title":"disabled","ast-breadcrumbs-content":"","ast-featured-img":"disabled","footer-sml-layout":"","ast-disable-related-posts":"","theme-transparent-header-meta":"","adv-header-id-meta":"","stick-header-meta":"","header-above-stick-meta":"","header-main-stick-meta":"","header-below-stick-meta":"","astra-migrate-meta-layouts":"default","ast-page-background-enabled":"default","ast-page-background-meta":{"desktop":{"background-color":"","background-image":"","background-repeat":"repeat","background-position":"center center","background-size":"auto","background-attachment":"scroll","background-type":"","background-media":"","overlay-type":"","overlay-color":"","overlay-opacity":"","overlay-gradient":""},"tablet":{"background-color":"","background-image":"","background-repeat":"repeat","background-position":"center center","background-size":"auto","background-attachment":"scroll","background-type":"","background-media":"","overlay-type":"","overlay-color":"","overlay-opacity":"","overlay-gradient":""},"mobile":{"background-color":"","background-image":"","background-repeat":"repeat","background-position":"center center","background-size":"auto","background-attachment":"scroll","background-type":"","background-media":"","overlay-type":"","overlay-color":"","overlay-opacity":"","overlay-gradient":""}},"ast-content-background-meta":{"desktop":{"background-color":"var(--ast-global-color-5)","background-image":"","background-repeat":"repeat","background-position":"center center","background-size":"auto","background-attachment":"scroll","background-type":"","background-media":"","overlay-type":"","overlay-color":"","overlay-opacity":"","overlay-gradient":""},"tablet":{"background-color":"var(--ast-global-color-5)","background-image":"","background-repeat":"repeat","background-position":"center center","background-size":"auto","background-attachment":"scroll","background-type":"","background-media":"","overlay-type":"","overlay-color":"","overlay-opacity":"","overlay-gradient":""},"mobile":{"background-color":"var(--ast-global-color-5)","background-image":"","background-repeat":"repeat","background-position":"center center","background-size":"auto","background-attachment":"scroll","background-type":"","background-media":"","overlay-type":"","overlay-color":"","overlay-opacity":"","overlay-gradient":""}},"footnotes":""},"class_list":["post-2717","page","type-page","status-publish","hentry"],"_links":{"self":[{"href":"https:\/\/www.jpproces.se\/fi\/wp-json\/wp\/v2\/pages\/2717","targetHints":{"allow":["GET"]}}],"collection":[{"href":"https:\/\/www.jpproces.se\/fi\/wp-json\/wp\/v2\/pages"}],"about":[{"href":"https:\/\/www.jpproces.se\/fi\/wp-json\/wp\/v2\/types\/page"}],"author":[{"embeddable":true,"href":"https:\/\/www.jpproces.se\/fi\/wp-json\/wp\/v2\/users\/2"}],"replies":[{"embeddable":true,"href":"https:\/\/www.jpproces.se\/fi\/wp-json\/wp\/v2\/comments?post=2717"}],"version-history":[{"count":0,"href":"https:\/\/www.jpproces.se\/fi\/wp-json\/wp\/v2\/pages\/2717\/revisions"}],"wp:attachment":[{"href":"https:\/\/www.jpproces.se\/fi\/wp-json\/wp\/v2\/media?parent=2717"}],"curies":[{"name":"wp","href":"https:\/\/api.w.org\/{rel}","templated":true}]}}