{"id":2722,"date":"2023-08-15T12:58:55","date_gmt":"2023-08-15T10:58:55","guid":{"rendered":"https:\/\/jpproces.se\/produkt\/ytrony-ruiskusekoitin\/"},"modified":"2023-12-05T15:18:53","modified_gmt":"2023-12-05T14:18:53","slug":"ytron-y-jetstramixer","status":"publish","type":"product","link":"https:\/\/www.jpproces.se\/fi\/produkt\/ytron-y-jetstramixer\/","title":{"rendered":"Ytron-Y Jet mixer"},"content":{"rendered":"<h2>R\u00e4\u00e4t\u00e4l\u00f6ity Jet-mikseri Ytron<\/h2>\n<p>Prosessisuunnittelussa sekoittamisella tarkoitetaan aineiden yhdist\u00e4mist\u00e4 yksi- tai monivaiheisessa j\u00e4rjestelm\u00e4ss\u00e4. <a href=\"https:\/\/www.jpproces.se\/produkt\/ytron-y-jetstralemixer\/\">Ytron Y -suihkusekoitinta<\/a> voidaan edullisesti k\u00e4ytt\u00e4\u00e4 prosesseissa, joissa sekoitetaan jauhetta nesteeseen tai nestett\u00e4 nesteeseen. Yleisesti voidaan sanoa, ett\u00e4 &#8221;jos pystyt pumppaamaan, voimme sekoittaa&#8221; ja tavoitteena on kompensoida tai merkitt\u00e4v\u00e4sti v\u00e4hent\u00e4\u00e4 pitoisuus- ja\/tai l\u00e4mp\u00f6tilaeroja. Jos t\u00e4m\u00e4 tila jatkuu, sekoitusprosessia kutsutaan my\u00f6s homogenisaatioksi. N\u00e4m\u00e4 laitteet, joita kutsutaan yleisesti sekoittimiksi, mahdollistavat eri viskositeettitasojen nesteiden sekoittamisen. On olemassa erilaisia \u200b\u200bversioita, t\u00e4m\u00e4 riippuu halutusta virtaussuunnasta, viskositeettialueesta ja teht\u00e4v\u00e4st\u00e4.<\/p>\n<p>YTRON-Y-suihkusekoitin soveltuu monenlaisiin teht\u00e4viin, mukaan lukien homogenointi. T\u00e4m\u00e4 johtuu liikkeen muuntamisesta s\u00e4teitt\u00e4isest\u00e4 virtauksesta aksiaaliseen virtaukseen. S\u00e4ili\u00f6n sis\u00e4lt\u00f6 sekoittuu tasaisesti ja ilmavapaaksi muutamassa sekunnissa pystysuoran suihkun ansiosta. Sedimentaatio esteettisyydess\u00e4. Suunnittelu on yksil\u00f6llinen optimaalisen tuloksen saavuttamiseksi jokaisessa teht\u00e4v\u00e4ss\u00e4.<\/p>\n<h3>Ytron-Y on saatavana seuraavina versioina:<\/h3>\n<ul>\n<li>Ter\u00e4ksinen SIS 2333 (AISI 304) ja SIS 2343 (AISI 316)<\/li>\n<li>Puhdistus CIP:ll\u00e4 (Puhdista paikallaan)<\/li>\n<li>Tuotantomallit 1,2 kW &#8211; 55 kW<\/li>\n<li>Laboratoriomallintaja<\/li>\n<\/ul>\n<h3>Ytron &#8221;Y&#8221;:n edut:<\/h3>\n<ul>\n<li>Perinteinen &#8221;radiaalinen voima&#8221; korvataan voimakkaalla aksiaalivoimalla.<\/li>\n<li>Poistaa py\u00f6rteen ja ei-toivotun ilman sekoittumisen.<\/li>\n<li>Luo tasalaatuisen tuotteen koko s\u00e4ili\u00f6n l\u00e4pi.<\/li>\n<li>Sekoitusaikaa voidaan lyhent\u00e4\u00e4 jopa <strong>80 %.<\/strong><\/li>\n<li>L\u00e4mmitys-\/j\u00e4\u00e4hdytysaika lyhenee.<\/li>\n<li>S\u00e4ili\u00f6n sein\u00e4mien palamisvaara pienenee merkitt\u00e4v\u00e4sti.<\/li>\n<\/ul>\n<div class=\"ast-oembed-container \" style=\"height: 100%;\"><iframe title=\"YTRON__Leitstrahlmischer01-YT\" src=\"https:\/\/player.vimeo.com\/video\/302908863?dnt=1&amp;app_id=122963\" width=\"500\" height=\"281\" frameborder=\"0\" allow=\"autoplay; fullscreen; picture-in-picture; clipboard-write\"><\/iframe><\/div>\n","protected":false},"excerpt":{"rendered":"<p>Ytron-Y Jetmixer valmistetaan selviytym\u00e4\u00e4n jokaisesta yksitt\u00e4isest\u00e4 sovelluksesta. R\u00e4\u00e4t\u00e4l\u00f6imme tarpeidesi mukaan ja otamme huomioon s\u00e4ili\u00f6n\/s\u00e4ili\u00f6n koon, muodon ja tuotteen viskositeetin. T\u00e4m\u00e4 suihkusekoitin lyhent\u00e4\u00e4 sekoitusaikaa 80 %, luo tasaisen tuotteen koko s\u00e4ili\u00f6\u00f6n ja v\u00e4hent\u00e4\u00e4 merkitt\u00e4v\u00e4sti l\u00e4mmityst\u00e4\/j\u00e4\u00e4hdytyst\u00e4.<\/p>\n<p>https:\/\/youtu.be\/uUvCLvGOOME?list=TLGGQx6XqdgJlvgxNTA4MjAyMw<\/p>\n","protected":false},"featured_media":2452,"template":"","meta":{"site-sidebar-layout":"default","site-content-layout":"","ast-site-content-layout":"default","site-content-style":"default","site-sidebar-style":"default","ast-global-header-display":"","ast-banner-title-visibility":"","ast-main-header-display":"","ast-hfb-above-header-display":"","ast-hfb-below-header-display":"","ast-hfb-mobile-header-display":"","site-post-title":"","ast-breadcrumbs-content":"","ast-featured-img":"","footer-sml-layout":"","ast-disable-related-posts":"","theme-transparent-header-meta":"default","adv-header-id-meta":"","stick-header-meta":"","header-above-stick-meta":"","header-main-stick-meta":"","header-below-stick-meta":"","astra-migrate-meta-layouts":"default","ast-page-background-enabled":"default","ast-page-background-meta":{"desktop":{"background-color":"","background-image":"","background-repeat":"repeat","background-position":"center center","background-size":"auto","background-attachment":"scroll","background-type":"","background-media":"","overlay-type":"","overlay-color":"","overlay-opacity":"","overlay-gradient":""},"tablet":{"background-color":"","background-image":"","background-repeat":"repeat","background-position":"center center","background-size":"auto","background-attachment":"scroll","background-type":"","background-media":"","overlay-type":"","overlay-color":"","overlay-opacity":"","overlay-gradient":""},"mobile":{"background-color":"","background-image":"","background-repeat":"repeat","background-position":"center center","background-size":"auto","background-attachment":"scroll","background-type":"","background-media":"","overlay-type":"","overlay-color":"","overlay-opacity":"","overlay-gradient":""}},"ast-content-background-meta":{"desktop":{"background-color":"var(--ast-global-color-5)","background-image":"","background-repeat":"repeat","background-position":"center center","background-size":"auto","background-attachment":"scroll","background-type":"","background-media":"","overlay-type":"","overlay-color":"","overlay-opacity":"","overlay-gradient":""},"tablet":{"background-color":"var(--ast-global-color-5)","background-image":"","background-repeat":"repeat","background-position":"center center","background-size":"auto","background-attachment":"scroll","background-type":"","background-media":"","overlay-type":"","overlay-color":"","overlay-opacity":"","overlay-gradient":""},"mobile":{"background-color":"var(--ast-global-color-5)","background-image":"","background-repeat":"repeat","background-position":"center center","background-size":"auto","background-attachment":"scroll","background-type":"","background-media":"","overlay-type":"","overlay-color":"","overlay-opacity":"","overlay-gradient":""}}},"product_brand":[],"product_cat":[127,125],"product_tag":[],"class_list":{"0":"post-2722","1":"product","2":"type-product","3":"status-publish","4":"has-post-thumbnail","6":"product_cat-seos","7":"product_cat-ytron-fi","8":"desktop-align-left","9":"tablet-align-left","10":"mobile-align-left","12":"first","13":"instock","14":"shipping-taxable","15":"product-type-simple"},"_links":{"self":[{"href":"https:\/\/www.jpproces.se\/fi\/wp-json\/wp\/v2\/product\/2722","targetHints":{"allow":["GET"]}}],"collection":[{"href":"https:\/\/www.jpproces.se\/fi\/wp-json\/wp\/v2\/product"}],"about":[{"href":"https:\/\/www.jpproces.se\/fi\/wp-json\/wp\/v2\/types\/product"}],"wp:featuredmedia":[{"embeddable":true,"href":"https:\/\/www.jpproces.se\/fi\/wp-json\/wp\/v2\/media\/2452"}],"wp:attachment":[{"href":"https:\/\/www.jpproces.se\/fi\/wp-json\/wp\/v2\/media?parent=2722"}],"wp:term":[{"taxonomy":"product_brand","embeddable":true,"href":"https:\/\/www.jpproces.se\/fi\/wp-json\/wp\/v2\/product_brand?post=2722"},{"taxonomy":"product_cat","embeddable":true,"href":"https:\/\/www.jpproces.se\/fi\/wp-json\/wp\/v2\/product_cat?post=2722"},{"taxonomy":"product_tag","embeddable":true,"href":"https:\/\/www.jpproces.se\/fi\/wp-json\/wp\/v2\/product_tag?post=2722"}],"curies":[{"name":"wp","href":"https:\/\/api.w.org\/{rel}","templated":true}]}}