{"id":2724,"date":"2023-08-15T13:05:58","date_gmt":"2023-08-15T11:05:58","guid":{"rendered":"https:\/\/jpproces.se\/produkt\/ytron-zc-zyclon-jauhedispersiolaitteet\/"},"modified":"2023-08-15T13:05:58","modified_gmt":"2023-08-15T11:05:58","slug":"ytron-zc-zyclon-jauheen-dispergointilaitteet","status":"publish","type":"product","link":"https:\/\/www.jpproces.se\/fi\/produkt\/ytron-zc-zyclon-jauheen-dispergointilaitteet\/","title":{"rendered":"Ytron &#8221;ZC&#8221; Zyclon (jauhedispersiolaitteet)"},"content":{"rendered":"<p id=\"u2280-14\">Ytron Zyclon voi tarjota:<\/p>\n<ul>\n<li>Kyky dispergoida t\u00e4ysin huonosti liukenevia jauheita, kuten Carbopol ja CMC.<\/li>\n<li>Tilavuudet noin 37 &#8211; 150 l minuutti.<\/li>\n<li>Jopa 37 % jauheen s\u00e4\u00e4st\u00f6 (s\u00e4ilytt\u00e4en viskositeetin).<\/li>\n<li>Lyhennetty er\u00e4aika, ilman jauheh\u00e4vikki\u00e4.<\/li>\n<li>Ei turhaa ilmansekoitusta.<\/li>\n<li>Helppo puhdistaa.<\/li>\n<li>Siirrett\u00e4v\u00e4 teline.<\/li>\n<\/ul>\n<p>Voidaan t\u00e4ydent\u00e4\u00e4 tyhji\u00f6kuljetusj\u00e4rjestelm\u00e4ll\u00e4 <a class=\"nonblock\" href=\"http:\/\/www.jpproces.se\/vakuumtransport%c3%b6rer.html\" data-href=\"page:U1633\">(Univac)<\/a>, joka toimittaa koneeseen tuotteen, j\u00e4rjestelm\u00e4ll\u00e4 saavutetaan p\u00f6lyt\u00f6n jauheen k\u00e4sittely.<\/p>\n<div id=\"pu50746-4\" class=\"clearfix colelem\">\n<div id=\"u50746-4\" class=\"clearfix grpelem\" data-muse-uid=\"U50746\" data-muse-type=\"txt_frame\" data-ibe-flags=\"txtStyleSrc\">\n<p>Tyypillisi\u00e4 tuotteita:<\/p>\n<\/div>\n<\/div>\n<div id=\"ppu50747-25\" class=\"clearfix colelem\">\n<div id=\"pu50747-25\" class=\"clearfix grpelem\">\n<div id=\"u50747-25\" class=\"clearfix colelem\" data-muse-uid=\"U50747\" data-muse-type=\"txt_frame\" data-ibe-flags=\"txtStyleSrc\">\n<ul id=\"u50747-23\" class=\"list0 nls-None\">\n<li>MC<\/li>\n<li>CMC<\/li>\n<li>HPMC<\/li>\n<li>Guar Gum<\/li>\n<li>Pektin<\/li>\n<li>Agar Agar<\/li>\n<li>Alginat<\/li>\n<li>Carrageenan<\/li>\n<li>Xanthan<\/li>\n<li>Carbopol<\/li>\n<li>Locust Bean Gum<\/li>\n<\/ul>\n<\/div>\n<\/div>\n<\/div>\n","protected":false},"excerpt":{"rendered":"<p>Ytron &#8221;ZC&#8221; on erityisesti suunniteltu dispergoimaan jauheita, joita on eritt\u00e4in vaikea &#8221;kastella&#8221; tavanomaisissa laitteissa. &#8221;ZC&#8221;:ss\u00e4 t\u00e4m\u00e4 saavutetaan merkitt\u00e4v\u00e4ll\u00e4 tyhji\u00f6ll\u00e4 prosessointivy\u00f6hykkeell\u00e4 yhdistettyn\u00e4 oikeaan koneen ty\u00f6kalujen suunnitteluun. Tyhji\u00f6 varmistaa, ett\u00e4 jauhe imet\u00e4\u00e4n tuotesuppilosta k\u00e4sittelyvy\u00f6hykkeelle, jossa jauhe dispergoituu nestefaasiin ennen hydratoitumista. Molekyylirakenne pysyy ehj\u00e4n\u00e4 tuotteella, joka on eritt\u00e4in &#8221;sile\u00e4&#8221; eik\u00e4 sen seurauksena ole kokkareita.<\/p>\n<p>https:\/\/youtu.be\/huaueZc4lXg<\/p>\n","protected":false},"featured_media":2458,"template":"","meta":{"site-sidebar-layout":"default","site-content-layout":"","ast-site-content-layout":"default","site-content-style":"default","site-sidebar-style":"default","ast-global-header-display":"","ast-banner-title-visibility":"","ast-main-header-display":"","ast-hfb-above-header-display":"","ast-hfb-below-header-display":"","ast-hfb-mobile-header-display":"","site-post-title":"","ast-breadcrumbs-content":"","ast-featured-img":"","footer-sml-layout":"","ast-disable-related-posts":"","theme-transparent-header-meta":"default","adv-header-id-meta":"","stick-header-meta":"","header-above-stick-meta":"","header-main-stick-meta":"","header-below-stick-meta":"","astra-migrate-meta-layouts":"default","ast-page-background-enabled":"default","ast-page-background-meta":{"desktop":{"background-color":"","background-image":"","background-repeat":"repeat","background-position":"center center","background-size":"auto","background-attachment":"scroll","background-type":"","background-media":"","overlay-type":"","overlay-color":"","overlay-opacity":"","overlay-gradient":""},"tablet":{"background-color":"","background-image":"","background-repeat":"repeat","background-position":"center center","background-size":"auto","background-attachment":"scroll","background-type":"","background-media":"","overlay-type":"","overlay-color":"","overlay-opacity":"","overlay-gradient":""},"mobile":{"background-color":"","background-image":"","background-repeat":"repeat","background-position":"center center","background-size":"auto","background-attachment":"scroll","background-type":"","background-media":"","overlay-type":"","overlay-color":"","overlay-opacity":"","overlay-gradient":""}},"ast-content-background-meta":{"desktop":{"background-color":"var(--ast-global-color-5)","background-image":"","background-repeat":"repeat","background-position":"center center","background-size":"auto","background-attachment":"scroll","background-type":"","background-media":"","overlay-type":"","overlay-color":"","overlay-opacity":"","overlay-gradient":""},"tablet":{"background-color":"var(--ast-global-color-5)","background-image":"","background-repeat":"repeat","background-position":"center center","background-size":"auto","background-attachment":"scroll","background-type":"","background-media":"","overlay-type":"","overlay-color":"","overlay-opacity":"","overlay-gradient":""},"mobile":{"background-color":"var(--ast-global-color-5)","background-image":"","background-repeat":"repeat","background-position":"center center","background-size":"auto","background-attachment":"scroll","background-type":"","background-media":"","overlay-type":"","overlay-color":"","overlay-opacity":"","overlay-gradient":""}}},"product_brand":[],"product_cat":[131,125],"product_tag":[133],"class_list":{"0":"post-2724","1":"product","2":"type-product","3":"status-publish","4":"has-post-thumbnail","6":"product_cat-in-line-jauheiden-liuotus","7":"product_cat-ytron-fi","8":"product_tag-ytron-fi","9":"desktop-align-left","10":"tablet-align-left","11":"mobile-align-left","13":"first","14":"instock","15":"shipping-taxable","16":"product-type-simple"},"_links":{"self":[{"href":"https:\/\/www.jpproces.se\/fi\/wp-json\/wp\/v2\/product\/2724","targetHints":{"allow":["GET"]}}],"collection":[{"href":"https:\/\/www.jpproces.se\/fi\/wp-json\/wp\/v2\/product"}],"about":[{"href":"https:\/\/www.jpproces.se\/fi\/wp-json\/wp\/v2\/types\/product"}],"wp:featuredmedia":[{"embeddable":true,"href":"https:\/\/www.jpproces.se\/fi\/wp-json\/wp\/v2\/media\/2458"}],"wp:attachment":[{"href":"https:\/\/www.jpproces.se\/fi\/wp-json\/wp\/v2\/media?parent=2724"}],"wp:term":[{"taxonomy":"product_brand","embeddable":true,"href":"https:\/\/www.jpproces.se\/fi\/wp-json\/wp\/v2\/product_brand?post=2724"},{"taxonomy":"product_cat","embeddable":true,"href":"https:\/\/www.jpproces.se\/fi\/wp-json\/wp\/v2\/product_cat?post=2724"},{"taxonomy":"product_tag","embeddable":true,"href":"https:\/\/www.jpproces.se\/fi\/wp-json\/wp\/v2\/product_tag?post=2724"}],"curies":[{"name":"wp","href":"https:\/\/api.w.org\/{rel}","templated":true}]}}