{"id":2730,"date":"2023-08-15T14:17:35","date_gmt":"2023-08-15T12:17:35","guid":{"rendered":"https:\/\/jpproces.se\/produkt\/uni-vac-tyhjiokuljetus\/"},"modified":"2023-08-15T14:17:35","modified_gmt":"2023-08-15T12:17:35","slug":"uni-vac-tyhjiokuljetus","status":"publish","type":"product","link":"https:\/\/www.jpproces.se\/fi\/produkt\/uni-vac-tyhjiokuljetus\/","title":{"rendered":"Uni-Vac, tyhji\u00f6kuljetus"},"content":{"rendered":"<div id=\"pu2937-147\" class=\"clearfix colelem\">\n<div id=\"u2937-147\" class=\"clearfix grpelem\" data-muse-uid=\"U2937\" data-muse-type=\"txt_frame\" data-ibe-flags=\"txtStyleSrc\">\n<p><span id=\"u2937-20\">Hanningfieldin &#8221;Know how&#8221; nostoj\u00e4rjestelmien soveltamisessa ja valmistuksessa mahdollistaa my\u00f6s r\u00e4\u00e4t\u00e4l\u00f6ityjen suunnitelmien toteuttamisen.<\/span> Voimme tarjota kiinteit\u00e4 tai siirrett\u00e4vi\u00e4 telineit\u00e4 lis\u00e4\u00e4m\u00e4\u00e4n joustavuutta.<\/p>\n<p>T\u00e4rke\u00e4\u00e4 on, ett\u00e4 meill\u00e4 on my\u00f6s mahdollisuus sijoittaa kuljettimen ohjauspaneeli et\u00e4\u00e4lle <span id=\"u2937-25\">Uni-Vac<\/span>. T\u00e4m\u00e4 ei ainoastaan \u200b\u200bt\u00e4yt\u00e4 GMP-m\u00e4\u00e4r\u00e4yksi\u00e4, vaan tarjoaa my\u00f6s hygieenisen edun, koska laitteen huoltaminen ja puhdistaminen on helpompaa.<\/p>\n<p>Tyhji\u00f6kuljetuksen ja hionnan &#8221;osaaminen&#8221; auttaa meit\u00e4 my\u00f6s ymm\u00e4rt\u00e4m\u00e4\u00e4n ja ratkaisemaan ongelmia sek\u00e4 parantamaan prosesseja.<\/p>\n<p>Hanningfieldill\u00e4 on runsaasti tietoa, ja se on ylpe\u00e4 alipainesiirtoratkaisujen suunnittelun, valmistuksen ja huollon asiantuntijana. Olemme valmistaneet tyhji\u00f6kuljetusj\u00e4rjestelmi\u00e4 monille yrityksille ymp\u00e4ri maailmaa. Kokemuksemme ja ymm\u00e4rryksemme tyhji\u00f6kuljetuksista saa meid\u00e4t vakuuttuneiksi siit\u00e4, ett\u00e4 voimme auttaa my\u00f6s sinun ongelmasi ratkaisemisessa.<\/p>\n<p id=\"u2937-39\"><strong>Ominaisuudet:<\/strong><\/p>\n<ul>\n<li>Helppo tehd\u00e4 puhdas muotoilu<\/li>\n<li>Hygieeninen<\/li>\n<li>Ruostumaton ter\u00e4s (304 tai 316)<\/li>\n<li>Purkamiseen ei tarvita ty\u00f6kaluja<\/li>\n<li>Ohjauspaneeli voidaan sijoittaa et\u00e4\u00e4lle koneesta<\/li>\n<li>Joustava modulaarinen rakenne<\/li>\n<li>Siirrett\u00e4v\u00e4 tai staattinen teline<\/li>\n<\/ul>\n<p id=\"u2937-63\"><strong>Edut:<\/strong><\/p>\n<ul>\n<li>Korkea sijoitetun p\u00e4\u00e4oman tuotto lis\u00e4\u00e4ntyneen tuottavuuden ja pienempien tuoteh\u00e4vi\u00f6iden ansiosta<\/li>\n<li>Parannettu ty\u00f6ymp\u00e4rist\u00f6<\/li>\n<li>Lis\u00e4\u00e4 tuotantoa ja tehokkuutta automaation avulla<\/li>\n<li>Parannettu p\u00f6lyt\u00f6n ymp\u00e4rist\u00f6 erist\u00e4misen ansiosta<\/li>\n<li>Minimaalinen kontaminaatioriski<\/li>\n<li>V\u00e4hent\u00e4\u00e4 tuoteh\u00e4vi\u00f6it\u00e4<\/li>\n<li>Lis\u00e4\u00e4ntynyt prosessiturvallisuus<\/li>\n<li>V\u00e4hentynyt k\u00e4ytt\u00e4j\u00e4n v\u00e4symys<\/li>\n<li>Helppo puhdistaa<\/li>\n<li>Suunnittelu minimaaliseen k\u00e4ytt\u00f6katkosaikaan<\/li>\n<\/ul>\n<p id=\"u2937-100\"><strong>Tekniset tiedot<\/strong><\/p>\n<ul>\n<li>S\u00e4ilytysastioiden (IBC, big bags jne.) tyhjennys<\/li>\n<li>Hover-kuivausrummun tyhjennys<\/li>\n<li>Sekoittimen lataus<\/li>\n<li>IBC:n lataus<\/li>\n<li>Kuljeta jauhe kartiomaisen myllyn l\u00e4pi linjajauhatusta varten<\/li>\n<li>Siirr\u00e4 tablettipuristuskoneeseen<\/li>\n<li>Siirr\u00e4 kapselit\u00e4ytt\u00f6koneeseen<\/li>\n<\/ul>\n<p id=\"u2937-138\"><strong>Joitakin Uni-Vacin k\u00e4ytt\u00f6tapoja:<\/strong><\/p>\n<\/div>\n<div id=\"u4118\" class=\"clip_frame grpelem\" data-muse-uid=\"U4118\" data-muse-type=\"img_frame\"><img decoding=\"async\" id=\"u4118_img\" class=\"block\" src=\"http:\/\/www.jpproces.se\/images\/sk%c3%a4rmavbild%202018-08-27%20kl%20165009.jpg?crc=4099775056\" alt=\"\" data-muse-src=\"images\/sk%c3%a4rmavbild%202018-08-27%20kl%20165009.jpg?crc=4099775056\" data-heightwidthratio=\"0.2581967213114754\" data-image-width=\"488\" data-image-height=\"126\"><img fetchpriority=\"high\" decoding=\"async\" class=\"alignnone size-medium wp-image-2186\" src=\"https:\/\/www.jpproces.se\/wp-content\/uploads\/2023\/08\/inklistrad-bild-450x357-1-300x238.jpg\" alt=\"\" width=\"300\" height=\"238\" srcset=\"https:\/\/www.jpproces.se\/wp-content\/uploads\/2023\/08\/inklistrad-bild-450x357-1-300x238.jpg 300w, https:\/\/www.jpproces.se\/wp-content\/uploads\/2023\/08\/inklistrad-bild-450x357-1-15x12.jpg 15w, https:\/\/www.jpproces.se\/wp-content\/uploads\/2023\/08\/inklistrad-bild-450x357-1.jpg 450w\" sizes=\"(max-width: 300px) 100vw, 300px\" \/><\/div>\n<\/div>\n<div id=\"u3185-4\" class=\"clearfix colelem\" data-muse-uid=\"U3185\" data-muse-type=\"txt_frame\" data-ibe-flags=\"txtStyleSrc\">\n<p>Intensiivisten seosten ruokinta<\/p>\n<\/div>\n<div id=\"u3149\" class=\"clip_frame colelem\" data-muse-uid=\"U3149\" data-muse-type=\"img_frame\" data-sizepolicy=\"fixed\" data-pintopage=\"page_fixedLeft\"><\/div>\n<div id=\"u3182-4\" class=\"clearfix colelem\" data-muse-uid=\"U3182\" data-muse-type=\"txt_frame\" data-ibe-flags=\"txtStyleSrc\">\n<p><img decoding=\"async\" class=\"alignnone size-medium wp-image-2185\" src=\"https:\/\/www.jpproces.se\/wp-content\/uploads\/2023\/08\/inklistrad-bild-450x279-1-300x186.jpg\" alt=\"\" width=\"300\" height=\"186\" srcset=\"https:\/\/www.jpproces.se\/wp-content\/uploads\/2023\/08\/inklistrad-bild-450x279-1-300x186.jpg 300w, https:\/\/www.jpproces.se\/wp-content\/uploads\/2023\/08\/inklistrad-bild-450x279-1-18x12.jpg 18w, https:\/\/www.jpproces.se\/wp-content\/uploads\/2023\/08\/inklistrad-bild-450x279-1.jpg 450w\" sizes=\"(max-width: 300px) 100vw, 300px\" \/><\/p>\n<p>Ripustetun kuivausrummun tyhjennys<\/p>\n<\/div>\n<div id=\"u3158\" class=\"clip_frame colelem\" data-muse-uid=\"U3158\" data-muse-type=\"img_frame\" data-sizepolicy=\"fixed\" data-pintopage=\"page_fixedLeft\"><\/div>\n<div id=\"u3179-4\" class=\"clearfix colelem\" data-muse-uid=\"U3179\" data-muse-type=\"txt_frame\" data-ibe-flags=\"txtStyleSrc\">\n<p><img decoding=\"async\" class=\"alignnone size-medium wp-image-2184\" src=\"https:\/\/www.jpproces.se\/wp-content\/uploads\/2023\/08\/inklistrad-bild-450x2882-1-300x192.jpg\" alt=\"\" width=\"300\" height=\"192\" srcset=\"https:\/\/www.jpproces.se\/wp-content\/uploads\/2023\/08\/inklistrad-bild-450x2882-1-300x192.jpg 300w, https:\/\/www.jpproces.se\/wp-content\/uploads\/2023\/08\/inklistrad-bild-450x2882-1-18x12.jpg 18w, https:\/\/www.jpproces.se\/wp-content\/uploads\/2023\/08\/inklistrad-bild-450x2882-1.jpg 450w\" sizes=\"(max-width: 300px) 100vw, 300px\" \/><\/p>\n<p>Tynnyrist\u00e4 myllyyn vastaanotins\u00e4ili\u00f6\u00f6n yhdess\u00e4 vaiheessa.<\/p>\n<\/div>\n<div id=\"u3167\" class=\"clip_frame colelem\" data-muse-uid=\"U3167\" data-muse-type=\"img_frame\" data-sizepolicy=\"fixed\" data-pintopage=\"page_fixedLeft\"><\/div>\n<div data-muse-uid=\"U3167\" data-muse-type=\"img_frame\" data-sizepolicy=\"fixed\" data-pintopage=\"page_fixedLeft\"><img loading=\"lazy\" decoding=\"async\" class=\"alignnone size-medium wp-image-2183\" src=\"https:\/\/www.jpproces.se\/wp-content\/uploads\/2023\/08\/inklistrad-bild-450x278-1-300x185.jpg\" alt=\"\" width=\"300\" height=\"185\" srcset=\"https:\/\/www.jpproces.se\/wp-content\/uploads\/2023\/08\/inklistrad-bild-450x278-1-300x185.jpg 300w, https:\/\/www.jpproces.se\/wp-content\/uploads\/2023\/08\/inklistrad-bild-450x278-1-18x12.jpg 18w, https:\/\/www.jpproces.se\/wp-content\/uploads\/2023\/08\/inklistrad-bild-450x278-1.jpg 450w\" sizes=\"(max-width: 300px) 100vw, 300px\" \/><\/div>\n<div id=\"u3176-4\" class=\"clearfix colelem\" data-muse-uid=\"U3176\" data-muse-type=\"txt_frame\" data-ibe-flags=\"txtStyleSrc\">\n<p>Pussin tyhjennys Tyhjennysasema<\/p>\n<\/div>\n","protected":false},"excerpt":{"rendered":"<p><span id=\"u2937-5\">Uni-Vac<\/span>-tyhji\u00f6kuljettimien valikoimamme on huolellisesti suunniteltu ja parannettu 20 vuoden kuljetuskokemuksemme ansiosta. Jopa 4000 kg\/h siirtonopeudella Uni-Vac on suunniteltu erityisesti loppuk\u00e4ytt\u00e4j\u00e4n tarpeita ajatellen.<\/p>\n<p><span id=\"u2937-9\">Uni-Vacin<\/span> valikoima 20 vuoden kokemuksella tyhji\u00f6kuljetuksista. Tehokkuus jopa 4000 kg\/h. Uni-Vac voidaan suunnitella erityisesti loppuk\u00e4ytt\u00e4j\u00e4n tarpeiden mukaan.<\/p>\n<p><span id=\"u2937-13\">Uni-Vac<\/span> etuja ovat helppo puhdistaa, mik\u00e4 tarkoittaa, ett\u00e4 j\u00e4rjestelm\u00e4 voidaan helposti purkaa puhdistusta varten ilman ty\u00f6kaluja. T\u00e4m\u00e4n mukaisesti Uni-Vac on &#8221;liitosvapaa&#8221; muotoilu, mik\u00e4 helpottaa perusteellista puhdistusta.<\/p>\n<p>T\u00e4m\u00e4 ei ainoastaan \u200b\u200bparanna hygieniaa, vaan my\u00f6s v\u00e4hent\u00e4\u00e4 k\u00e4ytt\u00f6katkoksia nopean puhdistuksen ansiosta. Kaikki komponentit on valmistettu ruostumattomasta ter\u00e4ksest\u00e4 304 tai 316 prosessiisi sopivaksi.<\/p>\n","protected":false},"featured_media":3907,"template":"","meta":{"site-sidebar-layout":"default","site-content-layout":"","ast-site-content-layout":"default","site-content-style":"default","site-sidebar-style":"default","ast-global-header-display":"","ast-banner-title-visibility":"","ast-main-header-display":"","ast-hfb-above-header-display":"","ast-hfb-below-header-display":"","ast-hfb-mobile-header-display":"","site-post-title":"","ast-breadcrumbs-content":"","ast-featured-img":"","footer-sml-layout":"","ast-disable-related-posts":"","theme-transparent-header-meta":"default","adv-header-id-meta":"","stick-header-meta":"","header-above-stick-meta":"","header-main-stick-meta":"","header-below-stick-meta":"","astra-migrate-meta-layouts":"default","ast-page-background-enabled":"default","ast-page-background-meta":{"desktop":{"background-color":"","background-image":"","background-repeat":"repeat","background-position":"center center","background-size":"auto","background-attachment":"scroll","background-type":"","background-media":"","overlay-type":"","overlay-color":"","overlay-opacity":"","overlay-gradient":""},"tablet":{"background-color":"","background-image":"","background-repeat":"repeat","background-position":"center center","background-size":"auto","background-attachment":"scroll","background-type":"","background-media":"","overlay-type":"","overlay-color":"","overlay-opacity":"","overlay-gradient":""},"mobile":{"background-color":"","background-image":"","background-repeat":"repeat","background-position":"center center","background-size":"auto","background-attachment":"scroll","background-type":"","background-media":"","overlay-type":"","overlay-color":"","overlay-opacity":"","overlay-gradient":""}},"ast-content-background-meta":{"desktop":{"background-color":"var(--ast-global-color-5)","background-image":"","background-repeat":"repeat","background-position":"center center","background-size":"auto","background-attachment":"scroll","background-type":"","background-media":"","overlay-type":"","overlay-color":"","overlay-opacity":"","overlay-gradient":""},"tablet":{"background-color":"var(--ast-global-color-5)","background-image":"","background-repeat":"repeat","background-position":"center center","background-size":"auto","background-attachment":"scroll","background-type":"","background-media":"","overlay-type":"","overlay-color":"","overlay-opacity":"","overlay-gradient":""},"mobile":{"background-color":"var(--ast-global-color-5)","background-image":"","background-repeat":"repeat","background-position":"center center","background-size":"auto","background-attachment":"scroll","background-type":"","background-media":"","overlay-type":"","overlay-color":"","overlay-opacity":"","overlay-gradient":""}}},"product_brand":[],"product_cat":[83,99],"product_tag":[],"class_list":{"0":"post-2730","1":"product","2":"type-product","3":"status-publish","4":"has-post-thumbnail","6":"product_cat-hanningfield-fi","7":"product_cat-tyhjiosiirtolaitteet","8":"desktop-align-left","9":"tablet-align-left","10":"mobile-align-left","12":"first","13":"instock","14":"shipping-taxable","15":"product-type-simple"},"_links":{"self":[{"href":"https:\/\/www.jpproces.se\/fi\/wp-json\/wp\/v2\/product\/2730","targetHints":{"allow":["GET"]}}],"collection":[{"href":"https:\/\/www.jpproces.se\/fi\/wp-json\/wp\/v2\/product"}],"about":[{"href":"https:\/\/www.jpproces.se\/fi\/wp-json\/wp\/v2\/types\/product"}],"wp:featuredmedia":[{"embeddable":true,"href":"https:\/\/www.jpproces.se\/fi\/wp-json\/wp\/v2\/media\/3907"}],"wp:attachment":[{"href":"https:\/\/www.jpproces.se\/fi\/wp-json\/wp\/v2\/media?parent=2730"}],"wp:term":[{"taxonomy":"product_brand","embeddable":true,"href":"https:\/\/www.jpproces.se\/fi\/wp-json\/wp\/v2\/product_brand?post=2730"},{"taxonomy":"product_cat","embeddable":true,"href":"https:\/\/www.jpproces.se\/fi\/wp-json\/wp\/v2\/product_cat?post=2730"},{"taxonomy":"product_tag","embeddable":true,"href":"https:\/\/www.jpproces.se\/fi\/wp-json\/wp\/v2\/product_tag?post=2730"}],"curies":[{"name":"wp","href":"https:\/\/api.w.org\/{rel}","templated":true}]}}