{"id":3263,"date":"2023-08-15T14:44:54","date_gmt":"2023-08-15T12:44:54","guid":{"rendered":"https:\/\/www.jpproces.se\/produkt\/uni-connest-joustava-silikoniliitanta\/"},"modified":"2023-08-15T14:44:54","modified_gmt":"2023-08-15T12:44:54","slug":"uni-connest-flexible-silicone-liitanta","status":"publish","type":"product","link":"https:\/\/www.jpproces.se\/fi\/produkt\/uni-connest-flexible-silicone-liitanta\/","title":{"rendered":"Uni-Connest (joustava silikoniliit\u00e4nt\u00e4)"},"content":{"rendered":"<p id=\"u4195-17\"><strong>Ominaisuudet:<\/strong><\/p>\n<ul id=\"u4195-21\" class=\"list0 nls-None\">\n<li>P\u00f6lytiivis liit\u00e4nt\u00e4<\/li>\n<li>FDA-yhteensopiva silikoni<\/li>\n<li>GMP-design<\/li>\n<li>Kest\u00e4v\u00e4 ja helppo puhdistaa<\/li>\n<li>Ty\u00f6kaluja ei tarvita<\/li>\n<li>Hygieeniset laipat ruostumatonta ter\u00e4st\u00e4<\/li>\n<li>Nopea ja luotettava asennus<\/li>\n<\/ul>\n<p><strong>Tekniset ominaisuudet:<\/strong><\/p>\n<ul>\n<li>Rakennusmateriaali: FDA-yhteensopiva silikoni (FDA CFR 177.2600)<\/li>\n<li> Tukirenkaan rakennemateriaali: 316L ruostumaton ter\u00e4s<\/li>\n<li>Uni Connect koot<\/li>\n<li><img decoding=\"async\" class=\"alignnone size-full wp-image-2203\" src=\"https:\/\/www.jpproces.se\/wp-content\/uploads\/2023\/08\/skarmavbild-202018-08-27-20kl-20170128.jpg\" alt=\"\" width=\"225\" height=\"184\" srcset=\"https:\/\/www.jpproces.se\/wp-content\/uploads\/2023\/08\/skarmavbild-202018-08-27-20kl-20170128.jpg 225w, https:\/\/www.jpproces.se\/wp-content\/uploads\/2023\/08\/skarmavbild-202018-08-27-20kl-20170128-15x12.jpg 15w\" sizes=\"(max-width: 225px) 100vw, 225px\" \/><\/li>\n<\/ul>\n<p id=\"u4195-70\"><strong>Tyypillisi\u00e4 sovelluksia<\/strong><\/p>\n<ul>\n<li id=\"u4195-73\">Korvaus sopeutumattomista prosessikoneen sis\u00e4\u00e4n- ja ulostuloista<\/li>\n<li id=\"u4195-75\">P\u00f6lytiivis liitos Kahden koneen v\u00e4lill\u00e4<\/li>\n<li id=\"u4195-77\">P\u00f6lyt\u00f6n siirto IBC:st\u00e4 IBC:hen<\/li>\n<li id=\"u4195-79\">Jyrsint\u00e4 IBC:ss\u00e4<\/li>\n<li id=\"u4195-81\">Tyhji\u00f6kuljetus IBC:hen<\/li>\n<\/ul>\n<p id=\"u4195-86\"><strong>UNI-connect<\/strong><\/p>\n<ul>\n<li id=\"u4195-89\">Tarjoaa yksinkertaiset ja nopeat saniteettiliit\u00e4nn\u00e4t.<\/li>\n<li id=\"u4195-92\">Yhdist\u00e4\u00e4 ei-adaptiiviset prosessilaitteet. Helpompi ei-s\u00e4\u00e4dett\u00e4vien koneenosien liitt\u00e4minen.<\/li>\n<li id=\"u4195-94\">Hallitse l\u00e4mp\u00f6tilaohjattua supistumista ja laajenemista.<\/li>\n<li id=\"u4195-96\">V\u00e4henn\u00e4 t\u00e4rin\u00e4\u00e4 laitteen osien v\u00e4lill\u00e4.<\/li>\n<li id=\"u4195-98\">Saatavilla on laaja valikoima kokoja Yhteensopiva monien eri standardien kanssa.<\/li>\n<li id=\"u4195-100\">Tekee sujuvan saniteettiliitoksen verrattuna &#8221;vanhoihin&#8221; liit\u00e4nt\u00e4menetelmiin. Paranna tuotevirtausta ja v\u00e4henn\u00e4 tuotteen s\u00e4ilymist\u00e4.<\/li>\n<li id=\"u4195-102\">Tee puhdistamisesta helppoa helpon p\u00e4\u00e4syn ansiosta.<\/li>\n<li id=\"u4195-104\">Ymp\u00e4rist\u00f6n l\u00e4mp\u00f6tila on -20\u00b0C &#8211; 140\u00b0C.<\/li>\n<\/ul>\n","protected":false},"excerpt":{"rendered":"<p>Uni-Connect-j\u00e4rjestelm\u00e4 on ihanteellinen kahden koneen yhdist\u00e4miseen Tri-Clampsilla. Joustavan liitoksen k\u00e4ytt\u00f6 on yksinkertainen ja tehokas tapa s\u00e4\u00e4t\u00e4\u00e4 korkeutta ja kompensoida my\u00f6s ep\u00e4tasaisuutta.<\/p>\n<p>Uni-Connect-j\u00e4rjestelm\u00e4 on yksinkertainen ja kustannustehokas tapa yhdist\u00e4\u00e4 kaksi prosessilaitteistoa, kun tarvitaan v\u00e4liaikainen p\u00f6lytiivis liitos. Joustavan liitoksen k\u00e4ytt\u00f6 on ihanteellinen materiaalin siirtoon ja sit\u00e4 voidaan k\u00e4ytt\u00e4\u00e4 vaimentamaan t\u00e4rin\u00e4ongelmia.<\/p>\n<p>Uni-Connect-j\u00e4rjestelm\u00e4 koostuu Tri-Clamps-kiinnittimist\u00e4 ja laipoista, jotka varmistavat helpon integroinnin kaikissa tuotteen siirtotilanteissa. Tri-Clampsilla varmistetaan my\u00f6s, ett\u00e4 siirto-osalla on sile\u00e4 pinta, mik\u00e4 est\u00e4\u00e4 tuotteen tarpeettoman ker\u00e4\u00e4ntymisen ja tuotteen loukkuun j\u00e4\u00e4misen. Uni-Connect on valettu yhdest\u00e4 FDA-yhteensopivasta silikonikumista. Silikonimateriaali t\u00e4ytt\u00e4\u00e4 FDA 177, 2600 -vaatimukset ja on l\u00e4pin\u00e4kyv\u00e4\u00e4.<\/p>\n","protected":false},"featured_media":2622,"template":"","meta":{"site-sidebar-layout":"default","site-content-layout":"","ast-site-content-layout":"default","site-content-style":"default","site-sidebar-style":"default","ast-global-header-display":"","ast-banner-title-visibility":"","ast-main-header-display":"","ast-hfb-above-header-display":"","ast-hfb-below-header-display":"","ast-hfb-mobile-header-display":"","site-post-title":"","ast-breadcrumbs-content":"","ast-featured-img":"","footer-sml-layout":"","ast-disable-related-posts":"","theme-transparent-header-meta":"default","adv-header-id-meta":"","stick-header-meta":"","header-above-stick-meta":"","header-main-stick-meta":"","header-below-stick-meta":"","astra-migrate-meta-layouts":"default","ast-page-background-enabled":"default","ast-page-background-meta":{"desktop":{"background-color":"","background-image":"","background-repeat":"repeat","background-position":"center center","background-size":"auto","background-attachment":"scroll","background-type":"","background-media":"","overlay-type":"","overlay-color":"","overlay-opacity":"","overlay-gradient":""},"tablet":{"background-color":"","background-image":"","background-repeat":"repeat","background-position":"center center","background-size":"auto","background-attachment":"scroll","background-type":"","background-media":"","overlay-type":"","overlay-color":"","overlay-opacity":"","overlay-gradient":""},"mobile":{"background-color":"","background-image":"","background-repeat":"repeat","background-position":"center center","background-size":"auto","background-attachment":"scroll","background-type":"","background-media":"","overlay-type":"","overlay-color":"","overlay-opacity":"","overlay-gradient":""}},"ast-content-background-meta":{"desktop":{"background-color":"var(--ast-global-color-5)","background-image":"","background-repeat":"repeat","background-position":"center center","background-size":"auto","background-attachment":"scroll","background-type":"","background-media":"","overlay-type":"","overlay-color":"","overlay-opacity":"","overlay-gradient":""},"tablet":{"background-color":"var(--ast-global-color-5)","background-image":"","background-repeat":"repeat","background-position":"center center","background-size":"auto","background-attachment":"scroll","background-type":"","background-media":"","overlay-type":"","overlay-color":"","overlay-opacity":"","overlay-gradient":""},"mobile":{"background-color":"var(--ast-global-color-5)","background-image":"","background-repeat":"repeat","background-position":"center center","background-size":"auto","background-attachment":"scroll","background-type":"","background-media":"","overlay-type":"","overlay-color":"","overlay-opacity":"","overlay-gradient":""}}},"product_brand":[],"product_cat":[83,97],"product_tag":[],"class_list":{"0":"post-3263","1":"product","2":"type-product","3":"status-publish","4":"has-post-thumbnail","6":"product_cat-hanningfield-fi","7":"product_cat-silikoniliittymat-uni-connect","8":"desktop-align-left","9":"tablet-align-left","10":"mobile-align-left","12":"first","13":"instock","14":"shipping-taxable","15":"product-type-simple"},"_links":{"self":[{"href":"https:\/\/www.jpproces.se\/fi\/wp-json\/wp\/v2\/product\/3263","targetHints":{"allow":["GET"]}}],"collection":[{"href":"https:\/\/www.jpproces.se\/fi\/wp-json\/wp\/v2\/product"}],"about":[{"href":"https:\/\/www.jpproces.se\/fi\/wp-json\/wp\/v2\/types\/product"}],"wp:featuredmedia":[{"embeddable":true,"href":"https:\/\/www.jpproces.se\/fi\/wp-json\/wp\/v2\/media\/2622"}],"wp:attachment":[{"href":"https:\/\/www.jpproces.se\/fi\/wp-json\/wp\/v2\/media?parent=3263"}],"wp:term":[{"taxonomy":"product_brand","embeddable":true,"href":"https:\/\/www.jpproces.se\/fi\/wp-json\/wp\/v2\/product_brand?post=3263"},{"taxonomy":"product_cat","embeddable":true,"href":"https:\/\/www.jpproces.se\/fi\/wp-json\/wp\/v2\/product_cat?post=3263"},{"taxonomy":"product_tag","embeddable":true,"href":"https:\/\/www.jpproces.se\/fi\/wp-json\/wp\/v2\/product_tag?post=3263"}],"curies":[{"name":"wp","href":"https:\/\/api.w.org\/{rel}","templated":true}]}}