{"id":3271,"date":"2023-08-15T14:29:17","date_gmt":"2023-08-15T12:29:17","guid":{"rendered":"https:\/\/www.jpproces.se\/produkt\/capsujet-kapselin-kuljetin\/"},"modified":"2023-08-15T14:29:17","modified_gmt":"2023-08-15T12:29:17","slug":"capsujet-kapseli-kuljetin","status":"publish","type":"product","link":"https:\/\/www.jpproces.se\/fi\/produkt\/capsujet-kapseli-kuljetin\/","title":{"rendered":"Capsujet &#8211; Kapselin kuljetin"},"content":{"rendered":"<p>Tyhj\u00e4t kapselit ladataan manuaalisesti halkaisijaltaan suuriin, matalakorkeisiin s\u00e4ili\u00f6\u00f6n. S\u00e4ili\u00f6, jonka tilavuus on noin 200 litraa, on suunniteltu niin, ett\u00e4 siihen mahtuu t\u00e4ysi pakkaus vakiokokoisia kapseleita. K\u00e4yt\u00f6n aikana monitiepuhaltimen tangentiaalinen ilmavirta pakotetaan patentoidun venturin l\u00e4pi. S\u00e4ilytyss\u00e4ili\u00f6ss\u00e4 olevat tyhj\u00e4t kapselit poimitaan v\u00e4hitellen Venturinin luomalla imulla ja kuljetetaan kevyesti pienell\u00e4 paineella, suurella tilavuudella (ilmavirtauksella) kuljetusputken kautta kapselin t\u00e4ytt\u00f6koneen s\u00e4ili\u00f6\u00f6n. T\u00e4ysin s\u00e4\u00e4dett\u00e4v\u00e4 optinen anturi ohjaa kapseleiden tasoa kapselit\u00e4ytt\u00f6koneen vastaanottos\u00e4ili\u00f6ss\u00e4 k\u00e4ynnist\u00e4m\u00e4ll\u00e4 ja pys\u00e4ytt\u00e4m\u00e4ll\u00e4 kuljetussyklin automaattisesti.<\/p>\n<p><strong>Ominaisuudet:<\/strong><\/p>\n<ul>\n<li>Eritt\u00e4in hiljainen toiminta<\/li>\n<li>Huoltovapaa muotoilu<\/li>\n<li>V\u00e4hentynyt ty\u00f6voima<\/li>\n<li>Ei kapselivaurioita<\/li>\n<li>Alhaiset k\u00e4ytt\u00f6kustannukset<\/li>\n<li>100 % kapseleista siirtyy joka kerta<\/li>\n<li>vauhdittaa nopeiden t\u00e4ytt\u00f6koneiden kanssa<\/li>\n<\/ul>\n<p id=\"u3238-81\"><strong>Tyypilliset sovellukset<\/strong><\/p>\n<ul>\n<li>Kuljettaa tyhj\u00e4t kapselit t\u00e4ytt\u00f6koneeseen<\/li>\n<li>Kuljettaa t\u00e4ytetyt kapselit kapselit\u00e4ytt\u00f6koneesta<\/li>\n<\/ul>\n","protected":false},"excerpt":{"rendered":"<p>Hanningfieldin vuonna 1995 alun perin suunnittelema ja patentoima Capsujet-kuljetusj\u00e4rjestelm\u00e4 on edelleen alan paras ja tehokkain ratkaisu kovien liivatekapseleiden kuljettamiseen.<\/p>\n<p>Capsujet on hyv\u00e4ksi havaittu j\u00e4rjestelm\u00e4 gelatiinikapseleiden siirt\u00e4miseen. Suunniteltu ja rakennettu ratkaisemaan tavanomaisiin mekaanisiin j\u00e4rjestelmiin liittyv\u00e4t ongelmat, Capsujet on ihanteellinen suuritehoisten kapselit\u00e4ytt\u00f6koneiden automaattiseen t\u00e4ytt\u00f6\u00f6n.<\/p>\n","protected":false},"featured_media":2492,"template":"","meta":{"site-sidebar-layout":"default","site-content-layout":"","ast-site-content-layout":"default","site-content-style":"default","site-sidebar-style":"default","ast-global-header-display":"","ast-banner-title-visibility":"","ast-main-header-display":"","ast-hfb-above-header-display":"","ast-hfb-below-header-display":"","ast-hfb-mobile-header-display":"","site-post-title":"","ast-breadcrumbs-content":"","ast-featured-img":"","footer-sml-layout":"","ast-disable-related-posts":"","theme-transparent-header-meta":"default","adv-header-id-meta":"","stick-header-meta":"","header-above-stick-meta":"","header-main-stick-meta":"","header-below-stick-meta":"","astra-migrate-meta-layouts":"default","ast-page-background-enabled":"default","ast-page-background-meta":{"desktop":{"background-color":"","background-image":"","background-repeat":"repeat","background-position":"center center","background-size":"auto","background-attachment":"scroll","background-type":"","background-media":"","overlay-type":"","overlay-color":"","overlay-opacity":"","overlay-gradient":""},"tablet":{"background-color":"","background-image":"","background-repeat":"repeat","background-position":"center center","background-size":"auto","background-attachment":"scroll","background-type":"","background-media":"","overlay-type":"","overlay-color":"","overlay-opacity":"","overlay-gradient":""},"mobile":{"background-color":"","background-image":"","background-repeat":"repeat","background-position":"center center","background-size":"auto","background-attachment":"scroll","background-type":"","background-media":"","overlay-type":"","overlay-color":"","overlay-opacity":"","overlay-gradient":""}},"ast-content-background-meta":{"desktop":{"background-color":"var(--ast-global-color-5)","background-image":"","background-repeat":"repeat","background-position":"center center","background-size":"auto","background-attachment":"scroll","background-type":"","background-media":"","overlay-type":"","overlay-color":"","overlay-opacity":"","overlay-gradient":""},"tablet":{"background-color":"var(--ast-global-color-5)","background-image":"","background-repeat":"repeat","background-position":"center center","background-size":"auto","background-attachment":"scroll","background-type":"","background-media":"","overlay-type":"","overlay-color":"","overlay-opacity":"","overlay-gradient":""},"mobile":{"background-color":"var(--ast-global-color-5)","background-image":"","background-repeat":"repeat","background-position":"center center","background-size":"auto","background-attachment":"scroll","background-type":"","background-media":"","overlay-type":"","overlay-color":"","overlay-opacity":"","overlay-gradient":""}}},"product_brand":[],"product_cat":[83,89],"product_tag":[],"class_list":{"0":"post-3271","1":"product","2":"type-product","3":"status-publish","4":"has-post-thumbnail","6":"product_cat-hanningfield-fi","7":"product_cat-kapselisiirtolaite","8":"desktop-align-left","9":"tablet-align-left","10":"mobile-align-left","12":"first","13":"instock","14":"shipping-taxable","15":"product-type-simple"},"_links":{"self":[{"href":"https:\/\/www.jpproces.se\/fi\/wp-json\/wp\/v2\/product\/3271","targetHints":{"allow":["GET"]}}],"collection":[{"href":"https:\/\/www.jpproces.se\/fi\/wp-json\/wp\/v2\/product"}],"about":[{"href":"https:\/\/www.jpproces.se\/fi\/wp-json\/wp\/v2\/types\/product"}],"wp:featuredmedia":[{"embeddable":true,"href":"https:\/\/www.jpproces.se\/fi\/wp-json\/wp\/v2\/media\/2492"}],"wp:attachment":[{"href":"https:\/\/www.jpproces.se\/fi\/wp-json\/wp\/v2\/media?parent=3271"}],"wp:term":[{"taxonomy":"product_brand","embeddable":true,"href":"https:\/\/www.jpproces.se\/fi\/wp-json\/wp\/v2\/product_brand?post=3271"},{"taxonomy":"product_cat","embeddable":true,"href":"https:\/\/www.jpproces.se\/fi\/wp-json\/wp\/v2\/product_cat?post=3271"},{"taxonomy":"product_tag","embeddable":true,"href":"https:\/\/www.jpproces.se\/fi\/wp-json\/wp\/v2\/product_tag?post=3271"}],"curies":[{"name":"wp","href":"https:\/\/api.w.org\/{rel}","templated":true}]}}