{"id":3273,"date":"2023-07-26T15:45:13","date_gmt":"2023-07-26T13:45:13","guid":{"rendered":"https:\/\/www.jpproces.se\/produkt\/uni-mill-konkvarn\/"},"modified":"2023-07-26T15:45:13","modified_gmt":"2023-07-26T13:45:13","slug":"villamylly-conkwaran","status":"publish","type":"product","link":"https:\/\/www.jpproces.se\/fi\/produkt\/villamylly-conkwaran\/","title":{"rendered":"Uni-Mill Konkvarn"},"content":{"rendered":"<p id=\"u2670-44\"><strong>Ominaisuudet:<\/strong><\/p>\n<ul>\n<li>Hygieeninen ruostumaton ter\u00e4s<\/li>\n<li>Ei metalli-metallikontaktia<\/li>\n<li>Hell\u00e4varainen koon pienennys jopa 180 \u03bcm (80 mesh) hiukkaskokoon<\/li>\n<li>Korkea energiatehokkuus<\/li>\n<li>Hygieeninen muotoilu<\/li>\n<li>Kompakti, tilaa s\u00e4\u00e4st\u00e4v\u00e4 muotoilu<\/li>\n<li>Siirrett\u00e4v\u00e4t ja korkeuss\u00e4\u00e4dett\u00e4v\u00e4t versiot<\/li>\n<li>ATEX-versiot saatavilla<\/li>\n<\/ul>\n<p id=\"u2670-71\"><strong>Edut:<\/strong><\/p>\n<ul>\n<li>Suuri kapasiteetti<\/li>\n<li>&#8221;sakkojen&#8221; alhainen osuus<\/li>\n<li>Alhainen l\u00e4mm\u00f6ntuotanto<\/li>\n<li>Matala melutaso<\/li>\n<li>Prosessin joustavuus nopealla ty\u00f6kaluvaihdolla<\/li>\n<li>Toistettavat tulokset, tasainen partikkelikokojakauma<\/li>\n<\/ul>\n<p><strong>Tekniset tiedot:<\/strong><\/p>\n<p><img fetchpriority=\"high\" decoding=\"async\" class=\"alignnone size-medium wp-image-2173\" src=\"https:\/\/www.jpproces.se\/wp-content\/uploads\/2023\/07\/skarmavbild-202018-08-27-20kl-20165308-1-300x300.jpg\" alt=\"\" width=\"300\" height=\"300\" srcset=\"https:\/\/www.jpproces.se\/wp-content\/uploads\/2023\/07\/skarmavbild-202018-08-27-20kl-20165308-1-300x300.jpg 300w, https:\/\/www.jpproces.se\/wp-content\/uploads\/2023\/07\/skarmavbild-202018-08-27-20kl-20165308-1-150x150.jpg 150w, https:\/\/www.jpproces.se\/wp-content\/uploads\/2023\/07\/skarmavbild-202018-08-27-20kl-20165308-1-12x12.jpg 12w, https:\/\/www.jpproces.se\/wp-content\/uploads\/2023\/07\/skarmavbild-202018-08-27-20kl-20165308-1-100x100.jpg 100w, https:\/\/www.jpproces.se\/wp-content\/uploads\/2023\/07\/skarmavbild-202018-08-27-20kl-20165308-1.jpg 483w\" sizes=\"(max-width: 300px) 100vw, 300px\" \/><\/p>\n<p id=\"u2670-123\">Tyypilliset sovellukset:<\/p>\n<p id=\"u2670-126\"><strong>L\u00e4\u00e4keteollisuus<\/strong><\/p>\n<ul>\n<li>Kuivahionta tablettien valmistukseen<\/li>\n<li>M\u00e4rk\u00e4jyrsint\u00e4 tablettien valmistukseen<\/li>\n<li>Raaka-aineiden agglomerointi (hygieniaseulonta).<\/li>\n<li>Tablettien tai kapseleista saatujen jauheiden kierr\u00e4tys\/h\u00e4vitys<\/li>\n<\/ul>\n<p id=\"u2670-137\"><strong>Elintarviketeollisuus<\/strong><\/p>\n<ul>\n<li>Rusinan taajama<\/li>\n<li>Ev\u00e4steiden\/keksien kierr\u00e4tys (my\u00f6s runsasrasvaisten)<\/li>\n<li>Maitojauhe Puuro jauhe Mausteet<\/li>\n<\/ul>\n<p id=\"u2670-146\"><strong>Kosmetiikka\/kemianteollisuus<\/strong><\/p>\n<ul>\n<li>Suolan hiukkasten v\u00e4hent\u00e4minen<\/li>\n<li>Pigmentin agglomeroituminen<\/li>\n<li>Pesuaine (jauhe)<\/li>\n<li>Pesuaine (jauhe)<\/li>\n<li>Helppo puhdistaa<\/li>\n<li>Mobil<\/li>\n<\/ul>\n<p>Voidaan t\u00e4ydent\u00e4\u00e4 tyhji\u00f6j\u00e4rjestelm\u00e4ll\u00e4 (Uni-Vac), joka toimittaa koneeseen tuotteen ja siten p\u00f6lytt\u00f6m\u00e4n jauheenk\u00e4sittelyn.<\/p>\n","protected":false},"excerpt":{"rendered":"<p><strong><span id=\"u2670-7\">Uni-Millin<\/span><\/strong> kartiotehdas perustuu Hanningfieldin kokemukseen prosessiteollisuuden hiukkasten v\u00e4hent\u00e4misest\u00e4.<\/p>\n<p>Hionta kartiomyllyll\u00e4 on ihanteellinen tapa saavuttaa hieno, tasainen hiukkaskoko. Yhdist\u00e4m\u00e4ll\u00e4 korkean kapasiteetin, korkean hy\u00f6tysuhteen ja alhaisen energiankulutuksen Uni-Mill on ihanteellinen l\u00e4\u00e4ke-, elintarvike- ja kemianteollisuuteen.<\/p>\n<p><strong><span id=\"u2670-22\">Uni-Mill\u00e4rin<\/span><\/strong> on suunnitellut ja valmistanut Hanningfield Process Systems Englannissa.<\/p>\n<p><strong><span id=\"u2670-28\">Uni-Mill<\/span><\/strong> kartiojyrsin tasapainottaa suorituskyky\u00e4 yksinkertaisuuden kanssa. Sen tulee olla helppo k\u00e4ytt\u00e4\u00e4, puhdistaa ja huoltaa ratkaisun, joka takaa korkean kapasiteetin. T\u00e4m\u00e4 kest\u00e4v\u00e4 rakenne tekee Uni-Millist\u00e4 eritt\u00e4in luotettavan, t\u00e4ydellisen vaativimpiinkin k\u00e4sittelyvaatimuksiin.<\/p>\n<p><strong><span id=\"u2670-32\">Uni-Mill<\/span><\/strong> soveltuu kuiva-, m\u00e4rk\u00e4- tai hienojauhatukseen l\u00e4\u00e4ke-, elintarvike- ja kemianteollisuudessa. Hiomakone on helposti sovitettavissa erilaisten tuotteiden k\u00e4sittelyyn vaihtamalla teri\u00e4 (ty\u00f6kaluja) ja n\u00e4in saada kustannustehokas ratkaisu hiontaongelmaasi.<\/p>\n<p><strong><span id=\"u2670-36\">Uni-Milli\u00e4<\/span><\/strong> on saatavana eri kokoisina, jotta kaikki laitteet mukautuvat asiakkaan erityistarpeisiin.<\/p>\n<p>https:\/\/vimeo.com\/209653045<\/p>\n","protected":false},"featured_media":3888,"template":"","meta":{"site-sidebar-layout":"default","site-content-layout":"","ast-site-content-layout":"default","site-content-style":"default","site-sidebar-style":"default","ast-global-header-display":"","ast-banner-title-visibility":"","ast-main-header-display":"","ast-hfb-above-header-display":"","ast-hfb-below-header-display":"","ast-hfb-mobile-header-display":"","site-post-title":"","ast-breadcrumbs-content":"","ast-featured-img":"","footer-sml-layout":"","ast-disable-related-posts":"","theme-transparent-header-meta":"default","adv-header-id-meta":"","stick-header-meta":"","header-above-stick-meta":"","header-main-stick-meta":"","header-below-stick-meta":"","astra-migrate-meta-layouts":"default","ast-page-background-enabled":"default","ast-page-background-meta":{"desktop":{"background-color":"","background-image":"","background-repeat":"repeat","background-position":"center center","background-size":"auto","background-attachment":"scroll","background-type":"","background-media":"","overlay-type":"","overlay-color":"","overlay-opacity":"","overlay-gradient":""},"tablet":{"background-color":"","background-image":"","background-repeat":"repeat","background-position":"center center","background-size":"auto","background-attachment":"scroll","background-type":"","background-media":"","overlay-type":"","overlay-color":"","overlay-opacity":"","overlay-gradient":""},"mobile":{"background-color":"","background-image":"","background-repeat":"repeat","background-position":"center center","background-size":"auto","background-attachment":"scroll","background-type":"","background-media":"","overlay-type":"","overlay-color":"","overlay-opacity":"","overlay-gradient":""}},"ast-content-background-meta":{"desktop":{"background-color":"var(--ast-global-color-5)","background-image":"","background-repeat":"repeat","background-position":"center center","background-size":"auto","background-attachment":"scroll","background-type":"","background-media":"","overlay-type":"","overlay-color":"","overlay-opacity":"","overlay-gradient":""},"tablet":{"background-color":"var(--ast-global-color-5)","background-image":"","background-repeat":"repeat","background-position":"center center","background-size":"auto","background-attachment":"scroll","background-type":"","background-media":"","overlay-type":"","overlay-color":"","overlay-opacity":"","overlay-gradient":""},"mobile":{"background-color":"var(--ast-global-color-5)","background-image":"","background-repeat":"repeat","background-position":"center center","background-size":"auto","background-attachment":"scroll","background-type":"","background-media":"","overlay-type":"","overlay-color":"","overlay-opacity":"","overlay-gradient":""}}},"product_brand":[],"product_cat":[83,87],"product_tag":[],"class_list":{"0":"post-3273","1":"product","2":"type-product","3":"status-publish","4":"has-post-thumbnail","6":"product_cat-hanningfield-fi","7":"product_cat-kartiomylly","8":"desktop-align-left","9":"tablet-align-left","10":"mobile-align-left","12":"first","13":"instock","14":"shipping-taxable","15":"product-type-simple"},"_links":{"self":[{"href":"https:\/\/www.jpproces.se\/fi\/wp-json\/wp\/v2\/product\/3273","targetHints":{"allow":["GET"]}}],"collection":[{"href":"https:\/\/www.jpproces.se\/fi\/wp-json\/wp\/v2\/product"}],"about":[{"href":"https:\/\/www.jpproces.se\/fi\/wp-json\/wp\/v2\/types\/product"}],"wp:featuredmedia":[{"embeddable":true,"href":"https:\/\/www.jpproces.se\/fi\/wp-json\/wp\/v2\/media\/3888"}],"wp:attachment":[{"href":"https:\/\/www.jpproces.se\/fi\/wp-json\/wp\/v2\/media?parent=3273"}],"wp:term":[{"taxonomy":"product_brand","embeddable":true,"href":"https:\/\/www.jpproces.se\/fi\/wp-json\/wp\/v2\/product_brand?post=3273"},{"taxonomy":"product_cat","embeddable":true,"href":"https:\/\/www.jpproces.se\/fi\/wp-json\/wp\/v2\/product_cat?post=3273"},{"taxonomy":"product_tag","embeddable":true,"href":"https:\/\/www.jpproces.se\/fi\/wp-json\/wp\/v2\/product_tag?post=3273"}],"curies":[{"name":"wp","href":"https:\/\/api.w.org\/{rel}","templated":true}]}}