{"id":3275,"date":"2023-07-24T15:30:48","date_gmt":"2023-07-24T13:30:48","guid":{"rendered":"https:\/\/www.jpproces.se\/produkt\/ytron-xc-xcyclon-jauheen-liuotusaine\/"},"modified":"2023-10-17T14:15:02","modified_gmt":"2023-10-17T12:15:02","slug":"ytron-xc-xcyclon-jauheen-liuotusaine","status":"publish","type":"product","link":"https:\/\/www.jpproces.se\/fi\/produkt\/ytron-xc-xcyclon-jauheen-liuotusaine\/","title":{"rendered":"Ytron &#8221;XC&#8221; Xcyclon (jauheen liuotusaine)"},"content":{"rendered":"&#13;\n<p>Ytron Xcyclon -rakenne mahdollistaa jauheiden, jotka yleens\u00e4 luokitellaan &#8221;keskivaikeiksi&#8221; dispergoitaviksi, dispergoinnin eritt\u00e4in suurella virtausnopeudella. T\u00e4m\u00e4 saavutetaan ty\u00f6st\u00f6vy\u00f6hykkeen merkitt\u00e4v\u00e4ll\u00e4 tyhji\u00f6ll\u00e4 sek\u00e4 ty\u00f6st\u00f6koneiden oikealla suunnittelulla. Tyhji\u00f6 varmistaa, ett\u00e4 jauhe imet\u00e4\u00e4n &#8221;jauhesuppilosta&#8221; alas prosessointivy\u00f6hykkeelle, jolloin tuloksena on homogeeninen, &#8221;sile\u00e4&#8221; ja paakkumaton tuote.<\/p>&#13;\n&#13;\n<p>Ytron &#8221;XC&#8221; voi tarjota seuraavat:<\/p>&#13;\n&#13;\n<p>Koneessa voidaan edullisesti k\u00e4sitell\u00e4 maidon, heran ja proteiinijauheen kokonaishydratointi, my\u00f6s sakeuttamis- ja stabilointiaineet, kuten pektiini ja gelatiini.<\/p>&#13;\n&#13;\n<p>&#8211; Kapasiteetti noin 75-490 l\/min.<\/p>&#13;\n&#13;\n<p>&#8211; Pitoisuudet jopa n. 40 %.<\/p>&#13;\n&#13;\n<p>&#8211; Lyhentynyt er\u00e4aika.<\/p>&#13;\n&#13;\n<p>&#8211; Ei turhaa ilmansekoitusta.<\/p>&#13;\n&#13;\n<p>&#8211; Dispersio kylm\u00e4ss\u00e4 vedess\u00e4.<\/p>&#13;\n&#13;\n<p>&#8211; Ei jauheh\u00e4vikki\u00e4.<\/p>&#13;\n<p><iframe title=\"video YTRON ZC Produktverlauf\" width=\"500\" height=\"375\" src=\"https:\/\/www.youtube.com\/embed\/huaueZc4lXg?feature=oembed\" frameborder=\"0\" allow=\"accelerometer; autoplay; clipboard-write; encrypted-media; gyroscope; picture-in-picture; web-share\" referrerpolicy=\"strict-origin-when-cross-origin\" allowfullscreen><\/iframe><\/p>&#13;\n","protected":false},"excerpt":{"rendered":"<p>Jauheliuotin XC Xcyclon Ytronilta.<\/p>\n","protected":false},"featured_media":2418,"template":"","meta":{"site-sidebar-layout":"default","site-content-layout":"","ast-site-content-layout":"default","site-content-style":"default","site-sidebar-style":"default","ast-global-header-display":"","ast-banner-title-visibility":"","ast-main-header-display":"","ast-hfb-above-header-display":"","ast-hfb-below-header-display":"","ast-hfb-mobile-header-display":"","site-post-title":"","ast-breadcrumbs-content":"","ast-featured-img":"","footer-sml-layout":"","ast-disable-related-posts":"","theme-transparent-header-meta":"default","adv-header-id-meta":"","stick-header-meta":"","header-above-stick-meta":"","header-main-stick-meta":"","header-below-stick-meta":"","astra-migrate-meta-layouts":"default","ast-page-background-enabled":"default","ast-page-background-meta":{"desktop":{"background-color":"","background-image":"","background-repeat":"repeat","background-position":"center center","background-size":"auto","background-attachment":"scroll","background-type":"","background-media":"","overlay-type":"","overlay-color":"","overlay-opacity":"","overlay-gradient":""},"tablet":{"background-color":"","background-image":"","background-repeat":"repeat","background-position":"center center","background-size":"auto","background-attachment":"scroll","background-type":"","background-media":"","overlay-type":"","overlay-color":"","overlay-opacity":"","overlay-gradient":""},"mobile":{"background-color":"","background-image":"","background-repeat":"repeat","background-position":"center center","background-size":"auto","background-attachment":"scroll","background-type":"","background-media":"","overlay-type":"","overlay-color":"","overlay-opacity":"","overlay-gradient":""}},"ast-content-background-meta":{"desktop":{"background-color":"var(--ast-global-color-5)","background-image":"","background-repeat":"repeat","background-position":"center center","background-size":"auto","background-attachment":"scroll","background-type":"","background-media":"","overlay-type":"","overlay-color":"","overlay-opacity":"","overlay-gradient":""},"tablet":{"background-color":"var(--ast-global-color-5)","background-image":"","background-repeat":"repeat","background-position":"center center","background-size":"auto","background-attachment":"scroll","background-type":"","background-media":"","overlay-type":"","overlay-color":"","overlay-opacity":"","overlay-gradient":""},"mobile":{"background-color":"var(--ast-global-color-5)","background-image":"","background-repeat":"repeat","background-position":"center center","background-size":"auto","background-attachment":"scroll","background-type":"","background-media":"","overlay-type":"","overlay-color":"","overlay-opacity":"","overlay-gradient":""}}},"product_brand":[],"product_cat":[131,125],"product_tag":[133],"class_list":{"0":"post-3275","1":"product","2":"type-product","3":"status-publish","4":"has-post-thumbnail","6":"product_cat-in-line-jauheiden-liuotus","7":"product_cat-ytron-fi","8":"product_tag-ytron-fi","9":"desktop-align-left","10":"tablet-align-left","11":"mobile-align-left","13":"first","14":"instock","15":"shipping-taxable","16":"product-type-simple"},"_links":{"self":[{"href":"https:\/\/www.jpproces.se\/fi\/wp-json\/wp\/v2\/product\/3275","targetHints":{"allow":["GET"]}}],"collection":[{"href":"https:\/\/www.jpproces.se\/fi\/wp-json\/wp\/v2\/product"}],"about":[{"href":"https:\/\/www.jpproces.se\/fi\/wp-json\/wp\/v2\/types\/product"}],"wp:featuredmedia":[{"embeddable":true,"href":"https:\/\/www.jpproces.se\/fi\/wp-json\/wp\/v2\/media\/2418"}],"wp:attachment":[{"href":"https:\/\/www.jpproces.se\/fi\/wp-json\/wp\/v2\/media?parent=3275"}],"wp:term":[{"taxonomy":"product_brand","embeddable":true,"href":"https:\/\/www.jpproces.se\/fi\/wp-json\/wp\/v2\/product_brand?post=3275"},{"taxonomy":"product_cat","embeddable":true,"href":"https:\/\/www.jpproces.se\/fi\/wp-json\/wp\/v2\/product_cat?post=3275"},{"taxonomy":"product_tag","embeddable":true,"href":"https:\/\/www.jpproces.se\/fi\/wp-json\/wp\/v2\/product_tag?post=3275"}],"curies":[{"name":"wp","href":"https:\/\/api.w.org\/{rel}","templated":true}]}}